{"id":9172,"date":"2023-05-18T15:22:42","date_gmt":"2023-05-18T15:22:42","guid":{"rendered":"https:\/\/kailogistics.com\/?page_id=9172"},"modified":"2023-08-09T14:45:27","modified_gmt":"2023-08-09T14:45:27","slug":"kvkk-basvuru-formu","status":"publish","type":"page","link":"https:\/\/kailogistics.com\/tr\/kvkk-basvuru-formu\/","title":{"rendered":"KVKK Ba\u015fvuru Formu"},"content":{"rendered":"\t\t<div data-elementor-type=\"wp-page\" data-elementor-id=\"9172\" class=\"elementor elementor-9172\">\n\t\t\t\t\t\t\t\t\t<section class=\"elementor-section elementor-top-section elementor-element elementor-element-3aae36c elementor-section-boxed elementor-section-height-default elementor-section-height-default\" data-id=\"3aae36c\" data-element_type=\"section\" data-settings=\"{&quot;background_background&quot;:&quot;classic&quot;}\">\n\t\t\t\t\t\t\t<div class=\"elementor-background-overlay\"><\/div>\n\t\t\t\t\t\t\t<div class=\"elementor-container elementor-column-gap-default\">\n\t\t\t\t\t<div class=\"elementor-column elementor-col-100 elementor-top-column elementor-element elementor-element-40a6fff\" data-id=\"40a6fff\" data-element_type=\"column\" data-settings=\"{&quot;background_background&quot;:&quot;classic&quot;}\">\n\t\t\t<div class=\"elementor-widget-wrap elementor-element-populated\">\n\t\t\t\t\t\t\t\t<div class=\"elementor-element elementor-element-68937a2 elementor-widget__width-inherit elementor-widget elementor-widget-heading\" data-id=\"68937a2\" data-element_type=\"widget\" data-widget_type=\"heading.default\">\n\t\t\t\t<div class=\"elementor-widget-container\">\n\t\t\t<style>\/*! elementor - v3.10.1 - 17-01-2023 *\/\n.elementor-heading-title{padding:0;margin:0;line-height:1}.elementor-widget-heading .elementor-heading-title[class*=elementor-size-]>a{color:inherit;font-size:inherit;line-height:inherit}.elementor-widget-heading .elementor-heading-title.elementor-size-small{font-size:15px}.elementor-widget-heading .elementor-heading-title.elementor-size-medium{font-size:19px}.elementor-widget-heading .elementor-heading-title.elementor-size-large{font-size:29px}.elementor-widget-heading .elementor-heading-title.elementor-size-xl{font-size:39px}.elementor-widget-heading .elementor-heading-title.elementor-size-xxl{font-size:59px}<\/style><h3 class=\"elementor-heading-title elementor-size-default\">KVKK Ba\u015fvuru Formu<\/h3>\t\t<\/div>\n\t\t\t\t<\/div>\n\t\t\t\t<div class=\"elementor-element elementor-element-b973c72 elementor-widget elementor-widget-text-editor\" data-id=\"b973c72\" data-element_type=\"widget\" data-widget_type=\"text-editor.default\">\n\t\t\t\t<div class=\"elementor-widget-container\">\n\t\t\t<style>\/*! elementor - v3.10.1 - 17-01-2023 *\/\n.elementor-widget-text-editor.elementor-drop-cap-view-stacked .elementor-drop-cap{background-color:#818a91;color:#fff}.elementor-widget-text-editor.elementor-drop-cap-view-framed .elementor-drop-cap{color:#818a91;border:3px solid;background-color:transparent}.elementor-widget-text-editor:not(.elementor-drop-cap-view-default) .elementor-drop-cap{margin-top:8px}.elementor-widget-text-editor:not(.elementor-drop-cap-view-default) .elementor-drop-cap-letter{width:1em;height:1em}.elementor-widget-text-editor .elementor-drop-cap{float:left;text-align:center;line-height:1;font-size:50px}.elementor-widget-text-editor .elementor-drop-cap-letter{display:inline-block}<\/style>\t\t\t\t<p>6698 Say\u0131l\u0131 Ki\u015fisel Verilerin Korunmas\u0131 Kanunu\u2019nda (\u201cKanun\u201d) ilgili ki\u015fi olarak tan\u0131mlanan ki\u015fisel veri sahiplerine (\u201cBa\u015fvuru Sahibi\u201d),Kanun\u2019un 11. maddesi ile ki\u015fisel verilerine dair birtak\u0131m taleplerde bulunma hakk\u0131 tan\u0131nm\u0131\u015ft\u0131r. Ba\u015fvuru sahibi bu haklar\u0131n\u0131 kullan\u0131rken, Kanun\u2019un 13. maddesinin birinci f\u0131kras\u0131 uyar\u0131nca; ba\u015fvurusunu yaz\u0131l\u0131 olarak, kay\u0131tl\u0131 elektronik posta (KEP) yoluyla, \u015eirketimiz sisteminde bulunan elektronik posta adresiyle veya sistemimizde bulunmayan elektronik posta adresi y\u00f6ntemleri arac\u0131l\u0131\u011f\u0131yla yapabilecektir.<\/p><p>L\u00fctfen Ki\u015fisel Verilerin Korunmas\u0131 Kanunu kapsam\u0131nda yapaca\u011f\u0131n\u0131z talebinizin yerine getirilebilmesi i\u00e7in a\u015fa\u011f\u0131daki ba\u015fvuru formunu a\u00e7\u0131k ve tam bir \u015fekilde doldurarak ve \u0131slak imzal\u0131 olarak Ka\u0131 Lojistik Limited \u015eirketi ad\u0131na Atat\u00fcrk Mah. Ertu\u011frul Gazi Sokak Metropol \u0130stanbul C1 Blok No:2 B\/131 Ata\u015fehir &#8211; \u0130stanbul adresine posta yolu ile iletiniz.<\/p><p>Taraf\u0131m\u0131za iletilmi\u015f olan ba\u015fvurular\u0131n\u0131z Kanun\u2019un 13. maddesinin 2. f\u0131kras\u0131 gere\u011fince, talebin niteli\u011fine g\u00f6re talebinizin bizlere ula\u015ft\u0131\u011f\u0131 tarihten itibaren otuz g\u00fcn i\u00e7inde yan\u0131tland\u0131r\u0131lacakt\u0131r. Yan\u0131tlar\u0131m\u0131z ilgili Kanun\u2019un 13. maddesi h\u00fckm\u00fc gere\u011fince yaz\u0131l\u0131 veya elektronik ortamdan taraf\u0131n\u0131za ula\u015ft\u0131r\u0131lacakt\u0131r.<\/p><p>\u00a0<\/p><ol><li><strong> K\u0130\u015e\u0130SEL VER\u0130 SAH\u0130B\u0130N\u0130N K\u0130ML\u0130K VE \u0130LET\u0130\u015e\u0130M B\u0130LG\u0130LER\u0130<\/strong><\/li><\/ol><p>Ad-Soyad\u0131\u00a0 \u00a0 \u00a0 \u00a0 \u00a0 \u00a0 \u00a0 \u00a0 \u00a0 \u00a0 \u00a0 \u00a0 \u00a0 \u00a0 :<\/p><p>T.C. Kimlik Numaras\u0131-<br \/>Di\u011fer \u00dclke Vatanda\u015flar\u0131 i\u00e7in<br \/>Pasaport Numaras\u0131 veya<br \/>Kimlik Numaras\u0131 \u00a0 \u00a0 \u00a0 \u00a0 \u00a0 \u00a0 \u00a0 \u00a0 \u00a0:<\/p><p>Tebligata Esas Yerle\u015fim Yeri<\/p><p>Adresi \/ \u0130\u015f Yeri Adresi\u00a0 \u00a0 \u00a0 \u00a0 \u00a0 :<\/p><p>Cep Telefonu\u00a0 \u00a0 \u00a0 \u00a0 \u00a0 \u00a0 \u00a0 \u00a0 \u00a0 \u00a0 \u00a0 \u00a0 :<\/p><p>Telefon Numaras\u0131\u00a0 \u00a0 \u00a0 \u00a0 \u00a0 \u00a0 \u00a0 \u00a0 \u00a0:<\/p><p>Faks Numaras\u0131\u00a0 \u00a0 \u00a0 \u00a0 \u00a0 \u00a0 \u00a0 \u00a0 \u00a0 \u00a0 \u00a0 :<\/p><p>E-posta Adresi\u00a0 \u00a0 \u00a0 \u00a0 \u00a0 \u00a0 \u00a0 \u00a0 \u00a0 \u00a0 \u00a0 :<\/p><p>L\u00fctfen \u015eirketimiz ile olan<\/p><p>ili\u015fkinizi belirtiniz\u00a0\u00a0\u00a0\u00a0\u00a0\u00a0\u00a0\u00a0\u00a0\u00a0\u00a0\u00a0\u00a0\u00a0\u00a0\u00a0\u00a0 : (M\u00fc\u015fteri, i\u015f orta\u011f\u0131, \u00e7al\u0131\u015fan aday\u0131, eski \u00e7al\u0131\u015fan, hissedar gibi)<\/p><p>\u00a0<\/p><ol start=\"2\"><li><strong> K\u0130\u015e\u0130SEL VER\u0130 SAH\u0130B\u0130N\u0130N KULLANACA\u011eI HAKKIN SE\u00c7\u0130M\u0130NE \u0130L\u0130\u015eK\u0130N B\u0130LG\u0130LER<\/strong><\/li><\/ol><p>(L\u00fctfen talebinize uygun ifadenin yan\u0131ndaki kutucu\u011fu\/kutucuklar\u0131 i\u015faretleyiniz)<\/p><ol><li>\u015eirketinizin hakk\u0131mda ki\u015fisel veri i\u015fleyip i\u015flemedi\u011fini \u00f6\u011frenmek istiyorum.<\/li><li>E\u011fer \u015firketiniz hakk\u0131mda ki\u015fisel veri i\u015fliyorsa bu veri i\u015fleme faaliyetleri hakk\u0131nda bilgi talep ediyorum.<\/li><li>E\u011fer \u015firketiniz hakk\u0131mda ki\u015fisel veri i\u015fliyorsa bunlar\u0131n i\u015flenme amac\u0131n\u0131 ve i\u015flenme amac\u0131na uygun kullan\u0131l\u0131p kullanmad\u0131\u011f\u0131n\u0131 \u00f6\u011frenmek istiyorum.<\/li><li>E\u011fer ki\u015fisel verilerim yurti\u00e7inde veya yurtd\u0131\u015f\u0131nda \u00fc\u00e7\u00fcnc\u00fc ki\u015filere aktar\u0131l\u0131yorsa bu \u00fc\u00e7\u00fcnc\u00fc ki\u015fileri bilmek istiyorum.<\/li><li>Ki\u015fisel verilerimin eksik veya yanl\u0131\u015f i\u015flendi\u011fi d\u00fc\u015f\u00fcn\u00fcyorum ve bunlar\u0131n d\u00fczeltilmesini istiyorum.<\/li><li>Ki\u015fisel verilerimin kanun ve ilgili di\u011fer kanun h\u00fck\u00fcmlerine uygun olarak i\u015flenmi\u015f olmas\u0131na ra\u011fmen, ki\u015fisel verilerimin silinmesini istiyorum.<\/li><li>Eksik ve yanl\u0131\u015f i\u015flendi\u011fini d\u00fc\u015f\u00fcnd\u00fc\u011f\u00fcm ki\u015fisel verilerimin aktar\u0131ld\u0131\u011f\u0131 \u00fc\u00e7\u00fcnc\u00fc ki\u015filer nezdinde de d\u00fczeltilmesini istiyorum.<\/li><li>Silinmesini talep etti\u011fim ki\u015fisel verilerimin aktar\u0131lan \u00fc\u00e7\u00fcnc\u00fc ki\u015filer nezdinde de silinmesini istiyorum.<\/li><li>\u015eirketiniz taraf\u0131ndan i\u015flenen ki\u015fisel verilerim m\u00fcnhas\u0131ran otomatik sistemler vas\u0131tas\u0131yla analiz edildi\u011fini ve bu analiz neticesinde \u015fahs\u0131m aleyhine bir sonu\u00e7 do\u011fdu\u011funu d\u00fc\u015f\u00fcn\u00fcyorum. Bu sonuca itiraz ediyorum.<\/li><\/ol><p>\u00a0<\/p><p><strong>TALEP HAKKINDA A\u00c7IKLAMA<\/strong><\/p><p>(L\u00fctfen Ki\u015fisel Verileri Koruma Kanunu kapsam\u0131ndaki talebinizi ve talebinize konu olanki\u015fisel verileri detayl\u0131 olarak belirtiniz.)<\/p><p>&#8230;&#8230;&#8230;&#8230;&#8230;&#8230;&#8230;&#8230;&#8230;&#8230;&#8230;&#8230;&#8230;&#8230;&#8230;&#8230;&#8230;&#8230;&#8230;&#8230;&#8230;&#8230;&#8230;&#8230;&#8230;&#8230;&#8230;&#8230;&#8230;&#8230;&#8230;&#8230;&#8230;&#8230;&#8230;&#8230;&#8230;&#8230;&#8230;&#8230;&#8230;&#8230;&#8230;&#8230;&#8230;&#8230;&#8230;&#8230;&#8230;&#8230;&#8230;&#8230;&#8230;&#8230;&#8230;&#8230;&#8230;&#8230;&#8230;&#8230;&#8230;&#8230;&#8230;&#8230;&#8230;&#8230;&#8230;&#8230;&#8230;&#8230;&#8230;&#8230;&#8230;&#8230;&#8230;&#8230;&#8230;&#8230;&#8230;&#8230;&#8230;&#8230;..<\/p><ol start=\"4\"><li><strong> EKLER<\/strong><\/li><\/ol><p>(L\u00fctfen ba\u015fvurunuza dayanak g\u00f6stermek istedi\u011finiz belge varsa belirtiniz.)<\/p><p>\u2026\u2026\u2026\u2026\u2026\u2026\u2026..\u2026\u2026\u2026\u2026\u2026.\u2026\u2026\u2026\u2026\u2026\u2026\u2026\u2026\u2026\u2026\u2026\u2026.\u2026\u2026\u2026\u2026\u2026\u2026\u2026\u2026\u2026\u2026\u2026\u2026.\u2026\u2026\u2026\u2026\u2026\u2026\u2026\u2026\u2026\u2026\u2026\u2026\u2026\u2026\u2026\u2026\u2026\u2026\u2026\u2026\u2026\u2026\u2026&#8230;&#8230;&#8230;&#8230;&#8230;&#8230;&#8230;&#8230;&#8230;&#8230;&#8230;&#8230;&#8230;&#8230;&#8230;&#8230;&#8230;&#8230;&#8230;&#8230;&#8230;&#8230;<\/p><ol start=\"5\"><li><strong> L\u00dcTFEN BA\u015eVURUNUZA VERECE\u011e\u0130M\u0130Z YANITIN TARAFINIZA B\u0130LD\u0130R\u0130LME Y\u00d6NTEM\u0130N\u0130 SE\u00c7\u0130N\u0130Z:<\/strong><\/li><\/ol><ul><li>Adresime g\u00f6nderilmesini istiyorum.<\/li><\/ul><p>\u00a0<\/p><ul><li>E-posta adresime g\u00f6nderilmesini istiyorum.(E-posta y\u00f6ntemini se\u00e7meniz h\u00e2linde size daha h\u0131zl\u0131 yan\u0131t verebilece\u011fiz.)<\/li><\/ul><p>\u00a0<\/p><ul><li>Elden teslim almak istiyorum.(Vek\u00e2leten teslim al\u0131nmas\u0131 durumunda noter tasdikli vek\u00e2letname veya yetki belgesi olmas\u0131 gerekmektedir.)<\/li><\/ul><p>\u00a0<\/p><ul><li>Hukuka ayk\u0131r\u0131 ve haks\u0131z bir \u015fekilde veri payla\u015f\u0131m\u0131ndan kaynaklanabilecek hukuki risklerin bertaraf edilmesi ve \u00f6zellikle ki\u015fisel verilerinizin g\u00fcvenli\u011finin sa\u011flanmas\u0131 amac\u0131yla, kimlik ve yetki tespiti i\u00e7in \u015eirketimiz ek evrak ve malumat (N\u00fcfus c\u00fczdan\u0131 veya s\u00fcr\u00fcc\u00fc belgesi sureti vb.) talep etme hakk\u0131n\u0131 sakl\u0131 tutar.<\/li><\/ul><p>\u00a0<\/p><ul><li>Form kapsam\u0131nda iletmekte oldu\u011funuz taleplerinize ili\u015fkin bilgilerin do\u011fru ve g\u00fcncel olmamas\u0131 ya da yetkisiz bir ba\u015fvuru yap\u0131lmas\u0131 halinde \u015eirketimiz, s\u00f6z konusu yanl\u0131\u015f bilgi ya da yetkisiz ba\u015fvuru kaynakl\u0131 taleplerden dolay\u0131 mesuliyet kabul etmemektedir.<\/li><\/ul><p>\u00a0<\/p><p><strong>Ba\u015fvuru Sahibi (Ki\u015fisel \u0130lgili Ki\u015fi) Ad\u0131 Soyad\u0131 :<\/strong><\/p><p><strong>Ba\u015fvuru Tarihi :<\/strong><\/p><p><strong>\u0130mza :<\/strong><\/p>\t\t\t\t\t\t<\/div>\n\t\t\t\t<\/div>\n\t\t\t\t\t<\/div>\n\t\t<\/div>\n\t\t\t\t\t\t\t<\/div>\n\t\t<\/section>\n\t\t\t\t\t\t\t<\/div>\n\t\t","protected":false},"excerpt":{"rendered":"<p>KVKK Ba\u015fvuru Formu 6698 Say\u0131l\u0131 Ki\u015fisel Verilerin Korunmas\u0131 Kanunu\u2019nda (\u201cKanun\u201d) ilgili ki\u015fi olarak tan\u0131mlanan ki\u015fisel veri sahiplerine (\u201cBa\u015fvuru Sahibi\u201d),Kanun\u2019un 11. maddesi ile ki\u015fisel verilerine dair birtak\u0131m taleplerde bulunma hakk\u0131 tan\u0131nm\u0131\u015ft\u0131r. Ba\u015fvuru sahibi bu haklar\u0131n\u0131 kullan\u0131rken, Kanun\u2019un 13. maddesinin birinci f\u0131kras\u0131 uyar\u0131nca; ba\u015fvurusunu yaz\u0131l\u0131 olarak, kay\u0131tl\u0131 elektronik posta (KEP) yoluyla, \u015eirketimiz sisteminde bulunan elektronik posta adresiyle [&hellip;]<\/p>\n","protected":false},"author":1,"featured_media":5984,"parent":0,"menu_order":0,"comment_status":"closed","ping_status":"closed","template":"elementor_header_footer","meta":[],"_links":{"self":[{"href":"https:\/\/kailogistics.com\/tr\/wp-json\/wp\/v2\/pages\/9172"}],"collection":[{"href":"https:\/\/kailogistics.com\/tr\/wp-json\/wp\/v2\/pages"}],"about":[{"href":"https:\/\/kailogistics.com\/tr\/wp-json\/wp\/v2\/types\/page"}],"author":[{"embeddable":true,"href":"https:\/\/kailogistics.com\/tr\/wp-json\/wp\/v2\/users\/1"}],"replies":[{"embeddable":true,"href":"https:\/\/kailogistics.com\/tr\/wp-json\/wp\/v2\/comments?post=9172"}],"version-history":[{"count":94,"href":"https:\/\/kailogistics.com\/tr\/wp-json\/wp\/v2\/pages\/9172\/revisions"}],"predecessor-version":[{"id":9731,"href":"https:\/\/kailogistics.com\/tr\/wp-json\/wp\/v2\/pages\/9172\/revisions\/9731"}],"wp:featuredmedia":[{"embeddable":true,"href":"https:\/\/kailogistics.com\/tr\/wp-json\/wp\/v2\/media\/5984"}],"wp:attachment":[{"href":"https:\/\/kailogistics.com\/tr\/wp-json\/wp\/v2\/media?parent=9172"}],"curies":[{"name":"wp","href":"https:\/\/api.w.org\/{rel}","templated":true}]}}