{"id":9159,"date":"2023-05-18T15:18:13","date_gmt":"2023-05-18T15:18:13","guid":{"rendered":"https:\/\/kailogistics.com\/?page_id=9159"},"modified":"2023-08-09T11:53:10","modified_gmt":"2023-08-09T11:53:10","slug":"musteri-acik-riza-metni","status":"publish","type":"page","link":"https:\/\/kailogistics.com\/tr\/musteri-acik-riza-metni\/","title":{"rendered":"Mu\u0308s\u0327teri Ac\u0327\u0131k R\u0131za Metni"},"content":{"rendered":"\t\t<div data-elementor-type=\"wp-page\" data-elementor-id=\"9159\" class=\"elementor elementor-9159\">\n\t\t\t\t\t\t\t\t\t<section class=\"elementor-section elementor-top-section elementor-element elementor-element-0b5140d elementor-section-boxed elementor-section-height-default elementor-section-height-default\" data-id=\"0b5140d\" data-element_type=\"section\" data-settings=\"{&quot;background_background&quot;:&quot;classic&quot;}\">\n\t\t\t\t\t\t\t<div class=\"elementor-background-overlay\"><\/div>\n\t\t\t\t\t\t\t<div class=\"elementor-container elementor-column-gap-default\">\n\t\t\t\t\t<div class=\"elementor-column elementor-col-100 elementor-top-column elementor-element elementor-element-7d2dba0\" data-id=\"7d2dba0\" data-element_type=\"column\" data-settings=\"{&quot;background_background&quot;:&quot;classic&quot;}\">\n\t\t\t<div class=\"elementor-widget-wrap elementor-element-populated\">\n\t\t\t\t\t\t\t\t<div class=\"elementor-element elementor-element-4ebf707 elementor-widget__width-inherit elementor-widget elementor-widget-heading\" data-id=\"4ebf707\" data-element_type=\"widget\" data-widget_type=\"heading.default\">\n\t\t\t\t<div class=\"elementor-widget-container\">\n\t\t\t<style>\/*! elementor - v3.10.1 - 17-01-2023 *\/\n.elementor-heading-title{padding:0;margin:0;line-height:1}.elementor-widget-heading .elementor-heading-title[class*=elementor-size-]>a{color:inherit;font-size:inherit;line-height:inherit}.elementor-widget-heading .elementor-heading-title.elementor-size-small{font-size:15px}.elementor-widget-heading .elementor-heading-title.elementor-size-medium{font-size:19px}.elementor-widget-heading .elementor-heading-title.elementor-size-large{font-size:29px}.elementor-widget-heading .elementor-heading-title.elementor-size-xl{font-size:39px}.elementor-widget-heading .elementor-heading-title.elementor-size-xxl{font-size:59px}<\/style><h3 class=\"elementor-heading-title elementor-size-default\">Kurumsal Website M\u00fc\u015fteri A\u00e7\u0131k R\u0131za Metni<\/h3>\t\t<\/div>\n\t\t\t\t<\/div>\n\t\t\t\t<div class=\"elementor-element elementor-element-13fe77c elementor-widget elementor-widget-text-editor\" data-id=\"13fe77c\" data-element_type=\"widget\" data-widget_type=\"text-editor.default\">\n\t\t\t\t<div class=\"elementor-widget-container\">\n\t\t\t<style>\/*! elementor - v3.10.1 - 17-01-2023 *\/\n.elementor-widget-text-editor.elementor-drop-cap-view-stacked .elementor-drop-cap{background-color:#818a91;color:#fff}.elementor-widget-text-editor.elementor-drop-cap-view-framed .elementor-drop-cap{color:#818a91;border:3px solid;background-color:transparent}.elementor-widget-text-editor:not(.elementor-drop-cap-view-default) .elementor-drop-cap{margin-top:8px}.elementor-widget-text-editor:not(.elementor-drop-cap-view-default) .elementor-drop-cap-letter{width:1em;height:1em}.elementor-widget-text-editor .elementor-drop-cap{float:left;text-align:center;line-height:1;font-size:50px}.elementor-widget-text-editor .elementor-drop-cap-letter{display:inline-block}<\/style>\t\t\t\t<p>Merkez adresi Atat\u00fcrk Mah. Ertu\u011frul Gazi Sokak Metropol \u0130stanbul C1 Blok No:2 B\/131 Ata\u015fehir &#8211; \u0130stanbul (\u201c<strong>\u015eirket Posta Adresi<\/strong>\u201d) olan \u0130stanbul Ticaret Sicili\u2019nde kay\u0131tl\u0131 Ka\u0131 Lojistik Limited \u015eirketi (\u201c<strong>KA\u0130 Lojistik Ltd. \u015eti.<\/strong>\u201d) taraf\u0131ndan haz\u0131lanan M\u00fc\u015fteri Ayd\u0131nlatma Metni\u2019nin tamam\u0131n\u0131 okuyup anlad\u0131\u011f\u0131m\u0131 kabul, beyan ve taahh\u00fct ederim.<\/p><p>Bu kapsamda kimlik ve ileti\u015fim veri kategorilerindeki ki\u015fisel verilerimin (\u201c<strong>\u0130\u015flenen Ki\u015fisel Veriler<\/strong>\u201d) \u015eirket taraf\u0131ndan mevzuattan do\u011fan zorunlu s\u00fcreler veya team\u00fcl gere\u011fi, \u015eirket\u2019in me\u015fru menfaatleri gere\u011fi ve\/veya ki\u015fisel verinin saklanma s\u00fcresi i\u00e7in gerekli ve \u00f6l\u00e7\u00fcl\u00fc s\u00fcrelerde fiziksel ve yaz\u0131l\u0131m ve\/veya internet bazl\u0131 elektronik ortamlarda saklanmas\u0131 ve i\u015flenmesini kabul, beyan ve taahh\u00fct ederim.<\/p><p>\u0130\u015flenen Ki\u015fisel Verilerimin \u015eirket taraf\u0131ndan i\u015flenme ama\u00e7lar\u0131n\u0131 M\u00fc\u015fteri Ayd\u0131nlatma Metni\u2019nde detayl\u0131 bir \u015fekilde okudum ve anlad\u0131m. Ki\u015fisel verilerimin t\u00fcm bu ama\u00e7lar \u00e7er\u00e7evesinde fiziksel ve yaz\u0131l\u0131m ve\/veya internet bazl\u0131 elektronik ortamlarda saklan\u0131p i\u015flenmesini kabul, beyan ve taahh\u00fct ederim.<\/p><p>\u0130\u015flenen Ki\u015fisel Verilerimin \u015eirket taraf\u0131ndan elde edilme y\u00f6ntemlerini ve ki\u015fisel verilerimin i\u015flenmesinin hukuki sebeplerini M\u00fc\u015fteri Ayd\u0131nlatma Metni\u2019nde detayl\u0131 bir \u015fekilde okudum ve anlad\u0131m. Ki\u015fisel verilerimin t\u00fcm bu ama\u00e7lar \u00e7er\u00e7evesinde fiziksel ve yaz\u0131l\u0131m ve\/veya internet bazl\u0131 elektronik ortamlarda saklan\u0131p i\u015flenmesini kabul, beyan ve taahh\u00fct ederim.<\/p><p>\u0130\u015flenen Ki\u015fisel Verilerimin \u015eirket taraf\u0131ndan yurt i\u00e7indeki ger\u00e7ek ki\u015filer veya \u00f6zel hukuk t\u00fczel ki\u015filerine (\u015eirket avukat\u0131, \u015eirketin \u00e7al\u0131\u015ft\u0131\u011f\u0131 kargo \u015firketleri vb.), yetkili kamu kurum ve kurulu\u015flar\u0131na (Maliye Bakanl\u0131\u011f\u0131, G\u0130B, Vergi Dairesi, \u0130cra Daireleri, Mahkemeler vb.) ve yurt d\u0131\u015f\u0131ndaki \u00f6zel hukuk t\u00fczel ki\u015filerine (Facebook, Google, Twitter, Linkedin vb) M\u00fc\u015fteri Ayd\u0131nlatma Metni\u2019nde detayl\u0131ca yer verilen ama\u00e7lar \u00e7er\u00e7evesinde aktar\u0131labilece\u011fini kabul, beyan ve taahh\u00fct ederim.<\/p><p>\u0130\u015flenen Ki\u015fisel Verilerim hakk\u0131nda \u015eirket\u2019e ba\u015fvurup ki\u015fisel veri i\u015flenip i\u015flenmedi\u011fini \u00f6\u011frenme, i\u015flenmi\u015fse buna ili\u015fkin bilgi talep etme, i\u015flenme amac\u0131n\u0131 ve bunlar\u0131n amac\u0131na uygun kullan\u0131l\u0131p kullan\u0131lmad\u0131\u011f\u0131n\u0131 \u00f6\u011frenme, yurt i\u00e7inde veya yurt d\u0131\u015f\u0131nda ki\u015fisel verilerin aktar\u0131ld\u0131\u011f\u0131 \u00fc\u00e7\u00fcnc\u00fc ki\u015fileri bilme, eksik veya yanl\u0131\u015f i\u015flenmi\u015f olmas\u0131 h\u00e2linde bunlar\u0131n d\u00fczeltilmesini isteme, silinmesini veya yok edilmesini isteme, eksik veya yanl\u0131\u015f i\u015flenmi\u015f olmas\u0131 h\u00e2linde bunlar\u0131n d\u00fczeltilmesine ve\/veya ki\u015fisel verilerin silinmesine veya yok edilmesine ili\u015fkin i\u015flemlerin ki\u015fisel verilerin aktar\u0131ld\u0131\u011f\u0131 \u00fc\u00e7\u00fcnc\u00fc ki\u015filere bildirilmesini isteme, i\u015flenen verilerin m\u00fcnhas\u0131ran otomatik sistemler vas\u0131tas\u0131yla analiz edilmesi suretiyle aleyhime bir sonucun ortaya \u00e7\u0131kmas\u0131na itiraz etme, kanuna ayk\u0131r\u0131 olarak i\u015flenmesi sebebiyle zarara u\u011framam h\u00e2linde zarar\u0131n giderilmesini talep etme haklar\u0131m oldu\u011fu ve contentus.net alan adl\u0131 adreste yer alan ba\u015fvuru formunu doldurup, \u0131slak imzal\u0131 olarak, noter, KEP veya elektronik posta arac\u0131l\u0131\u011f\u0131yla \u015eirket Posta Adresine g\u00f6ndermek veya ayn\u0131 adrese bizzat ya da vekili arac\u0131l\u0131\u011f\u0131yla elden ula\u015ft\u0131rmak veya <strong>info@kailogistics.com<\/strong> elektronik posta adresine g\u00f6ndermek suretiyle kullanabilece\u011fim konusunda detayl\u0131 olarak bilgilendirildi\u011fimi kabul ve beyan ederim.<\/p><p><strong>Ad Soyad: <\/strong><\/p><p><strong>\u0130mza:<\/strong><\/p><p><strong>Tarih:<\/strong><\/p>\t\t\t\t\t\t<\/div>\n\t\t\t\t<\/div>\n\t\t\t\t\t<\/div>\n\t\t<\/div>\n\t\t\t\t\t\t\t<\/div>\n\t\t<\/section>\n\t\t\t\t\t\t\t<\/div>\n\t\t","protected":false},"excerpt":{"rendered":"<p>Kurumsal Website M\u00fc\u015fteri A\u00e7\u0131k R\u0131za Metni Merkez adresi Atat\u00fcrk Mah. Ertu\u011frul Gazi Sokak Metropol \u0130stanbul C1 Blok No:2 B\/131 Ata\u015fehir &#8211; \u0130stanbul (\u201c\u015eirket Posta Adresi\u201d) olan \u0130stanbul Ticaret Sicili\u2019nde kay\u0131tl\u0131 Ka\u0131 Lojistik Limited \u015eirketi (\u201cKA\u0130 Lojistik Ltd. \u015eti.\u201d) taraf\u0131ndan haz\u0131lanan M\u00fc\u015fteri Ayd\u0131nlatma Metni\u2019nin tamam\u0131n\u0131 okuyup anlad\u0131\u011f\u0131m\u0131 kabul, beyan ve taahh\u00fct ederim. Bu kapsamda kimlik ve [&hellip;]<\/p>\n","protected":false},"author":1,"featured_media":5984,"parent":0,"menu_order":0,"comment_status":"closed","ping_status":"closed","template":"elementor_header_footer","meta":[],"_links":{"self":[{"href":"https:\/\/kailogistics.com\/tr\/wp-json\/wp\/v2\/pages\/9159"}],"collection":[{"href":"https:\/\/kailogistics.com\/tr\/wp-json\/wp\/v2\/pages"}],"about":[{"href":"https:\/\/kailogistics.com\/tr\/wp-json\/wp\/v2\/types\/page"}],"author":[{"embeddable":true,"href":"https:\/\/kailogistics.com\/tr\/wp-json\/wp\/v2\/users\/1"}],"replies":[{"embeddable":true,"href":"https:\/\/kailogistics.com\/tr\/wp-json\/wp\/v2\/comments?post=9159"}],"version-history":[{"count":16,"href":"https:\/\/kailogistics.com\/tr\/wp-json\/wp\/v2\/pages\/9159\/revisions"}],"predecessor-version":[{"id":9640,"href":"https:\/\/kailogistics.com\/tr\/wp-json\/wp\/v2\/pages\/9159\/revisions\/9640"}],"wp:featuredmedia":[{"embeddable":true,"href":"https:\/\/kailogistics.com\/tr\/wp-json\/wp\/v2\/media\/5984"}],"wp:attachment":[{"href":"https:\/\/kailogistics.com\/tr\/wp-json\/wp\/v2\/media?parent=9159"}],"curies":[{"name":"wp","href":"https:\/\/api.w.org\/{rel}","templated":true}]}}