{"id":8151,"date":"2023-01-21T01:13:41","date_gmt":"2023-01-21T01:13:41","guid":{"rendered":"https:\/\/kailogistics.com\/blog\/"},"modified":"2023-07-21T15:35:24","modified_gmt":"2023-07-21T15:35:24","slug":"blog","status":"publish","type":"page","link":"https:\/\/kailogistics.com\/tr\/blog\/","title":{"rendered":"Blog"},"content":{"rendered":"\t\t<div data-elementor-type=\"wp-page\" data-elementor-id=\"8151\" class=\"elementor elementor-8151 elementor-6102\">\n\t\t\t\t\t\t\t\t\t<section class=\"elementor-section elementor-top-section elementor-element elementor-element-7e0f062 elementor-section-boxed elementor-section-height-default elementor-section-height-default\" data-id=\"7e0f062\" data-element_type=\"section\" data-settings=\"{&quot;background_background&quot;:&quot;classic&quot;}\">\n\t\t\t\t\t\t\t<div class=\"elementor-background-overlay\"><\/div>\n\t\t\t\t\t\t\t<div class=\"elementor-container elementor-column-gap-default\">\n\t\t\t\t\t<div class=\"elementor-column elementor-col-50 elementor-top-column elementor-element elementor-element-834ee64\" data-id=\"834ee64\" data-element_type=\"column\">\n\t\t\t<div class=\"elementor-widget-wrap elementor-element-populated\">\n\t\t\t\t\t\t\t\t<div class=\"elementor-element elementor-element-731bbd1 elementor-widget__width-inherit elementor-widget elementor-widget-heading\" data-id=\"731bbd1\" data-element_type=\"widget\" data-widget_type=\"heading.default\">\n\t\t\t\t<div class=\"elementor-widget-container\">\n\t\t\t<style>\/*! elementor - v3.10.1 - 17-01-2023 *\/\n.elementor-heading-title{padding:0;margin:0;line-height:1}.elementor-widget-heading .elementor-heading-title[class*=elementor-size-]>a{color:inherit;font-size:inherit;line-height:inherit}.elementor-widget-heading .elementor-heading-title.elementor-size-small{font-size:15px}.elementor-widget-heading .elementor-heading-title.elementor-size-medium{font-size:19px}.elementor-widget-heading .elementor-heading-title.elementor-size-large{font-size:29px}.elementor-widget-heading .elementor-heading-title.elementor-size-xl{font-size:39px}.elementor-widget-heading .elementor-heading-title.elementor-size-xxl{font-size:59px}<\/style><h1 class=\"elementor-heading-title elementor-size-default\">Blog Yaz\u0131lar\u0131m\u0131z<\/h1>\t\t<\/div>\n\t\t\t\t<\/div>\n\t\t\t\t<div class=\"elementor-element elementor-element-d7d6f24 elementor-widget-divider--view-line elementor-widget elementor-widget-divider\" data-id=\"d7d6f24\" data-element_type=\"widget\" data-widget_type=\"divider.default\">\n\t\t\t\t<div class=\"elementor-widget-container\">\n\t\t\t<style>\/*! elementor - v3.10.1 - 17-01-2023 *\/\n.elementor-widget-divider{--divider-border-style:none;--divider-border-width:1px;--divider-color:#2c2c2c;--divider-icon-size:20px;--divider-element-spacing:10px;--divider-pattern-height:24px;--divider-pattern-size:20px;--divider-pattern-url:none;--divider-pattern-repeat:repeat-x}.elementor-widget-divider .elementor-divider{display:flex}.elementor-widget-divider .elementor-divider__text{font-size:15px;line-height:1;max-width:95%}.elementor-widget-divider .elementor-divider__element{margin:0 var(--divider-element-spacing);flex-shrink:0}.elementor-widget-divider .elementor-icon{font-size:var(--divider-icon-size)}.elementor-widget-divider .elementor-divider-separator{display:flex;margin:0;direction:ltr}.elementor-widget-divider--view-line_icon .elementor-divider-separator,.elementor-widget-divider--view-line_text .elementor-divider-separator{align-items:center}.elementor-widget-divider--view-line_icon .elementor-divider-separator:after,.elementor-widget-divider--view-line_icon .elementor-divider-separator:before,.elementor-widget-divider--view-line_text .elementor-divider-separator:after,.elementor-widget-divider--view-line_text .elementor-divider-separator:before{display:block;content:\"\";border-bottom:0;flex-grow:1;border-top:var(--divider-border-width) var(--divider-border-style) var(--divider-color)}.elementor-widget-divider--element-align-left .elementor-divider .elementor-divider-separator>.elementor-divider__svg:first-of-type{flex-grow:0;flex-shrink:100}.elementor-widget-divider--element-align-left .elementor-divider-separator:before{content:none}.elementor-widget-divider--element-align-left .elementor-divider__element{margin-left:0}.elementor-widget-divider--element-align-right .elementor-divider .elementor-divider-separator>.elementor-divider__svg:last-of-type{flex-grow:0;flex-shrink:100}.elementor-widget-divider--element-align-right .elementor-divider-separator:after{content:none}.elementor-widget-divider--element-align-right .elementor-divider__element{margin-right:0}.elementor-widget-divider:not(.elementor-widget-divider--view-line_text):not(.elementor-widget-divider--view-line_icon) .elementor-divider-separator{border-top:var(--divider-border-width) var(--divider-border-style) var(--divider-color)}.elementor-widget-divider--separator-type-pattern{--divider-border-style:none}.elementor-widget-divider--separator-type-pattern.elementor-widget-divider--view-line .elementor-divider-separator,.elementor-widget-divider--separator-type-pattern:not(.elementor-widget-divider--view-line) .elementor-divider-separator:after,.elementor-widget-divider--separator-type-pattern:not(.elementor-widget-divider--view-line) .elementor-divider-separator:before,.elementor-widget-divider--separator-type-pattern:not([class*=elementor-widget-divider--view]) .elementor-divider-separator{width:100%;min-height:var(--divider-pattern-height);-webkit-mask-size:var(--divider-pattern-size) 100%;mask-size:var(--divider-pattern-size) 100%;-webkit-mask-repeat:var(--divider-pattern-repeat);mask-repeat:var(--divider-pattern-repeat);background-color:var(--divider-color);-webkit-mask-image:var(--divider-pattern-url);mask-image:var(--divider-pattern-url)}.elementor-widget-divider--no-spacing{--divider-pattern-size:auto}.elementor-widget-divider--bg-round{--divider-pattern-repeat:round}.rtl .elementor-widget-divider .elementor-divider__text{direction:rtl}.e-con-inner>.elementor-widget-divider,.e-con>.elementor-widget-divider{width:var(--container-widget-width);--flex-grow:var(--container-widget-flex-grow)}<\/style>\t\t<div class=\"elementor-divider\">\n\t\t\t<span class=\"elementor-divider-separator\">\n\t\t\t\t\t\t<\/span>\n\t\t<\/div>\n\t\t\t\t<\/div>\n\t\t\t\t<\/div>\n\t\t\t\t<div class=\"elementor-element elementor-element-754ab1a elementor-widget elementor-widget-heading\" data-id=\"754ab1a\" data-element_type=\"widget\" data-widget_type=\"heading.default\">\n\t\t\t\t<div class=\"elementor-widget-container\">\n\t\t\t<h2 class=\"elementor-heading-title elementor-size-default\">Freight forwarding ve d\u0131\u015f ticaret ile ilgili en son haberleri, i\u00e7g\u00f6r\u00fc ve tavsiyeleri lojistik blo\u011fumuzda ke\u015ffedin.<\/h2>\t\t<\/div>\n\t\t\t\t<\/div>\n\t\t\t\t\t<\/div>\n\t\t<\/div>\n\t\t\t\t<div class=\"elementor-column elementor-col-50 elementor-top-column elementor-element elementor-element-cdf2d6d\" data-id=\"cdf2d6d\" data-element_type=\"column\">\n\t\t\t<div class=\"elementor-widget-wrap\">\n\t\t\t\t\t\t\t\t\t<\/div>\n\t\t<\/div>\n\t\t\t\t\t\t\t<\/div>\n\t\t<\/section>\n\t\t\t\t<section class=\"elementor-section elementor-top-section elementor-element elementor-element-d3ee93e elementor-section-boxed elementor-section-height-default elementor-section-height-default\" data-id=\"d3ee93e\" data-element_type=\"section\" data-settings=\"{&quot;background_background&quot;:&quot;classic&quot;}\">\n\t\t\t\t\t\t\t<div class=\"elementor-background-overlay\"><\/div>\n\t\t\t\t\t\t\t<div class=\"elementor-container elementor-column-gap-default\">\n\t\t\t\t\t<div class=\"elementor-column elementor-col-100 elementor-top-column elementor-element elementor-element-58b446c\" data-id=\"58b446c\" data-element_type=\"column\">\n\t\t\t<div class=\"elementor-widget-wrap elementor-element-populated\">\n\t\t\t\t\t\t\t\t<div class=\"elementor-element elementor-element-1dad20e elementor-grid-3 elementor-grid-tablet-2 elementor-grid-mobile-1 elementor-posts--thumbnail-top elementor-posts__hover-gradient elementor-widget elementor-widget-posts\" data-id=\"1dad20e\" data-element_type=\"widget\" data-settings=\"{&quot;cards_columns&quot;:&quot;3&quot;,&quot;cards_columns_tablet&quot;:&quot;2&quot;,&quot;cards_columns_mobile&quot;:&quot;1&quot;,&quot;cards_row_gap&quot;:{&quot;unit&quot;:&quot;px&quot;,&quot;size&quot;:35,&quot;sizes&quot;:[]},&quot;cards_row_gap_tablet_extra&quot;:{&quot;unit&quot;:&quot;px&quot;,&quot;size&quot;:&quot;&quot;,&quot;sizes&quot;:[]},&quot;cards_row_gap_tablet&quot;:{&quot;unit&quot;:&quot;px&quot;,&quot;size&quot;:&quot;&quot;,&quot;sizes&quot;:[]},&quot;cards_row_gap_mobile&quot;:{&quot;unit&quot;:&quot;px&quot;,&quot;size&quot;:&quot;&quot;,&quot;sizes&quot;:[]}}\" data-widget_type=\"posts.cards\">\n\t\t\t\t<div class=\"elementor-widget-container\">\n\t\t\t<link rel=\"stylesheet\" href=\"https:\/\/kailogistics.com\/wp-content\/plugins\/elementor-pro\/assets\/css\/widget-posts.min.css\">\t\t<div class=\"elementor-posts-container elementor-posts elementor-posts--skin-cards elementor-grid\">\n\t\t\t\t<article class=\"elementor-post elementor-grid-item post-9274 post type-post status-publish format-standard has-post-thumbnail hentry category-blog-2\">\n\t\t\t<div class=\"elementor-post__card\">\n\t\t\t\t<a class=\"elementor-post__thumbnail__link\" href=\"https:\/\/kailogistics.com\/tr\/yesil-lojistik-surdurulebilir-tasimaciligin-gelecegi\/\" ><div class=\"elementor-post__thumbnail\"><img width=\"1800\" height=\"945\" src=\"https:\/\/kailogistics.com\/wp-content\/uploads\/2023\/07\/Yesil-Lojistik_-Surdurulebilir-Tasimaciligin-Gelecegi.jpg\" class=\"attachment-full size-full wp-image-9288\" alt=\"Yes\u0327il Lojistik_ Su\u0308rdu\u0308ru\u0308lebilir Tas\u0327\u0131mac\u0131l\u0131g\u0306\u0131n Geleceg\u0306i\" decoding=\"async\" loading=\"lazy\" srcset=\"https:\/\/kailogistics.com\/wp-content\/uploads\/2023\/07\/Yesil-Lojistik_-Surdurulebilir-Tasimaciligin-Gelecegi.jpg 1800w, https:\/\/kailogistics.com\/wp-content\/uploads\/2023\/07\/Yesil-Lojistik_-Surdurulebilir-Tasimaciligin-Gelecegi-300x158.jpg 300w, https:\/\/kailogistics.com\/wp-content\/uploads\/2023\/07\/Yesil-Lojistik_-Surdurulebilir-Tasimaciligin-Gelecegi-1024x538.jpg 1024w, https:\/\/kailogistics.com\/wp-content\/uploads\/2023\/07\/Yesil-Lojistik_-Surdurulebilir-Tasimaciligin-Gelecegi-768x403.jpg 768w, https:\/\/kailogistics.com\/wp-content\/uploads\/2023\/07\/Yesil-Lojistik_-Surdurulebilir-Tasimaciligin-Gelecegi-1536x806.jpg 1536w\" sizes=\"(max-width: 1800px) 100vw, 1800px\" \/><\/div><\/a>\n\t\t\t\t<div class=\"elementor-post__text\">\n\t\t\t\t<h2 class=\"elementor-post__title\">\n\t\t\t<a href=\"https:\/\/kailogistics.com\/tr\/yesil-lojistik-surdurulebilir-tasimaciligin-gelecegi\/\" >\n\t\t\t\tYe\u015fil Lojistik: S\u00fcrd\u00fcr\u00fclebilir Ta\u015f\u0131mac\u0131l\u0131\u011f\u0131n Gelece\u011fi\t\t\t<\/a>\n\t\t<\/h2>\n\t\t\t\t<\/div>\n\t\t\t\t<div class=\"elementor-post__meta-data\">\n\t\t\t\t\t<span class=\"elementor-post-date\">\n\t\t\tTemmuz 5, 2023\t\t<\/span>\n\t\t\t\t<\/div>\n\t\t\t\t\t<\/div>\n\t\t<\/article>\n\t\t\t\t<article class=\"elementor-post elementor-grid-item post-9270 post type-post status-publish format-standard has-post-thumbnail hentry category-blog-2\">\n\t\t\t<div class=\"elementor-post__card\">\n\t\t\t\t<a class=\"elementor-post__thumbnail__link\" href=\"https:\/\/kailogistics.com\/tr\/sifir-hata-sifir-stres-gumruk-sureclerini-yonetme\/\" ><div class=\"elementor-post__thumbnail\"><img width=\"1800\" height=\"945\" src=\"https:\/\/kailogistics.com\/wp-content\/uploads\/2023\/07\/Sifir-Hata-Sifir-Stres_-Gumruk-Sureclerini-Yonetme.jpg\" class=\"attachment-full size-full wp-image-9286\" alt=\"\" decoding=\"async\" loading=\"lazy\" srcset=\"https:\/\/kailogistics.com\/wp-content\/uploads\/2023\/07\/Sifir-Hata-Sifir-Stres_-Gumruk-Sureclerini-Yonetme.jpg 1800w, https:\/\/kailogistics.com\/wp-content\/uploads\/2023\/07\/Sifir-Hata-Sifir-Stres_-Gumruk-Sureclerini-Yonetme-300x158.jpg 300w, https:\/\/kailogistics.com\/wp-content\/uploads\/2023\/07\/Sifir-Hata-Sifir-Stres_-Gumruk-Sureclerini-Yonetme-1024x538.jpg 1024w, https:\/\/kailogistics.com\/wp-content\/uploads\/2023\/07\/Sifir-Hata-Sifir-Stres_-Gumruk-Sureclerini-Yonetme-768x403.jpg 768w, https:\/\/kailogistics.com\/wp-content\/uploads\/2023\/07\/Sifir-Hata-Sifir-Stres_-Gumruk-Sureclerini-Yonetme-1536x806.jpg 1536w\" sizes=\"(max-width: 1800px) 100vw, 1800px\" \/><\/div><\/a>\n\t\t\t\t<div class=\"elementor-post__text\">\n\t\t\t\t<h2 class=\"elementor-post__title\">\n\t\t\t<a href=\"https:\/\/kailogistics.com\/tr\/sifir-hata-sifir-stres-gumruk-sureclerini-yonetme\/\" >\n\t\t\t\tS\u0131f\u0131r Hata, S\u0131f\u0131r Stres: G\u00fcmr\u00fck S\u00fcre\u00e7lerini Y\u00f6netme\t\t\t<\/a>\n\t\t<\/h2>\n\t\t\t\t<\/div>\n\t\t\t\t<div class=\"elementor-post__meta-data\">\n\t\t\t\t\t<span class=\"elementor-post-date\">\n\t\t\tHaziran 30, 2023\t\t<\/span>\n\t\t\t\t<\/div>\n\t\t\t\t\t<\/div>\n\t\t<\/article>\n\t\t\t\t<article class=\"elementor-post elementor-grid-item post-9267 post type-post status-publish format-standard has-post-thumbnail hentry category-blog-2\">\n\t\t\t<div class=\"elementor-post__card\">\n\t\t\t\t<a class=\"elementor-post__thumbnail__link\" href=\"https:\/\/kailogistics.com\/tr\/freight-forwarderlarin-e-ticarete-katkisi\/\" ><div class=\"elementor-post__thumbnail\"><img width=\"1800\" height=\"945\" src=\"https:\/\/kailogistics.com\/wp-content\/uploads\/2023\/07\/Freight-Forwarderlarin-E-Ticarete-Katkisi.jpg\" class=\"attachment-full size-full wp-image-9284\" alt=\"Freight Forwarder\u2019lar\u0131n E-Ticaret\u2019e Katk\u0131s\u0131\" decoding=\"async\" loading=\"lazy\" srcset=\"https:\/\/kailogistics.com\/wp-content\/uploads\/2023\/07\/Freight-Forwarderlarin-E-Ticarete-Katkisi.jpg 1800w, https:\/\/kailogistics.com\/wp-content\/uploads\/2023\/07\/Freight-Forwarderlarin-E-Ticarete-Katkisi-300x158.jpg 300w, https:\/\/kailogistics.com\/wp-content\/uploads\/2023\/07\/Freight-Forwarderlarin-E-Ticarete-Katkisi-1024x538.jpg 1024w, https:\/\/kailogistics.com\/wp-content\/uploads\/2023\/07\/Freight-Forwarderlarin-E-Ticarete-Katkisi-768x403.jpg 768w, https:\/\/kailogistics.com\/wp-content\/uploads\/2023\/07\/Freight-Forwarderlarin-E-Ticarete-Katkisi-1536x806.jpg 1536w\" sizes=\"(max-width: 1800px) 100vw, 1800px\" \/><\/div><\/a>\n\t\t\t\t<div class=\"elementor-post__text\">\n\t\t\t\t<h2 class=\"elementor-post__title\">\n\t\t\t<a href=\"https:\/\/kailogistics.com\/tr\/freight-forwarderlarin-e-ticarete-katkisi\/\" >\n\t\t\t\tFreight Forwarder&#8217;lar\u0131n E-Ticaret&#8217;e Katk\u0131s\u0131\t\t\t<\/a>\n\t\t<\/h2>\n\t\t\t\t<\/div>\n\t\t\t\t<div class=\"elementor-post__meta-data\">\n\t\t\t\t\t<span class=\"elementor-post-date\">\n\t\t\tHaziran 25, 2023\t\t<\/span>\n\t\t\t\t<\/div>\n\t\t\t\t\t<\/div>\n\t\t<\/article>\n\t\t\t\t<article class=\"elementor-post elementor-grid-item post-9265 post type-post status-publish format-standard has-post-thumbnail hentry category-blog-2\">\n\t\t\t<div class=\"elementor-post__card\">\n\t\t\t\t<a class=\"elementor-post__thumbnail__link\" href=\"https:\/\/kailogistics.com\/tr\/freight-forwarderlar-ve-verimli-lojistik-yonetimi\/\" ><div class=\"elementor-post__thumbnail\"><img width=\"1800\" height=\"945\" src=\"https:\/\/kailogistics.com\/wp-content\/uploads\/2023\/07\/Freight-Forwarderlar-ve-Verimli-Lojistik-Yonetimi.jpg\" class=\"attachment-full size-full wp-image-9280\" alt=\"Freight Forwarder\u2019lar ve Verimli Lojistik Yo\u0308netimi\" decoding=\"async\" loading=\"lazy\" srcset=\"https:\/\/kailogistics.com\/wp-content\/uploads\/2023\/07\/Freight-Forwarderlar-ve-Verimli-Lojistik-Yonetimi.jpg 1800w, https:\/\/kailogistics.com\/wp-content\/uploads\/2023\/07\/Freight-Forwarderlar-ve-Verimli-Lojistik-Yonetimi-300x158.jpg 300w, https:\/\/kailogistics.com\/wp-content\/uploads\/2023\/07\/Freight-Forwarderlar-ve-Verimli-Lojistik-Yonetimi-1024x538.jpg 1024w, https:\/\/kailogistics.com\/wp-content\/uploads\/2023\/07\/Freight-Forwarderlar-ve-Verimli-Lojistik-Yonetimi-768x403.jpg 768w, https:\/\/kailogistics.com\/wp-content\/uploads\/2023\/07\/Freight-Forwarderlar-ve-Verimli-Lojistik-Yonetimi-1536x806.jpg 1536w\" sizes=\"(max-width: 1800px) 100vw, 1800px\" \/><\/div><\/a>\n\t\t\t\t<div class=\"elementor-post__text\">\n\t\t\t\t<h2 class=\"elementor-post__title\">\n\t\t\t<a href=\"https:\/\/kailogistics.com\/tr\/freight-forwarderlar-ve-verimli-lojistik-yonetimi\/\" >\n\t\t\t\tFreight Forwarder&#8217;lar ve Verimli Lojistik Y\u00f6netimi\t\t\t<\/a>\n\t\t<\/h2>\n\t\t\t\t<\/div>\n\t\t\t\t<div class=\"elementor-post__meta-data\">\n\t\t\t\t\t<span class=\"elementor-post-date\">\n\t\t\tHaziran 20, 2023\t\t<\/span>\n\t\t\t\t<\/div>\n\t\t\t\t\t<\/div>\n\t\t<\/article>\n\t\t\t\t<article class=\"elementor-post elementor-grid-item post-9263 post type-post status-publish format-standard has-post-thumbnail hentry category-blog-2\">\n\t\t\t<div class=\"elementor-post__card\">\n\t\t\t\t<a class=\"elementor-post__thumbnail__link\" href=\"https:\/\/kailogistics.com\/tr\/akilli-lojistik-ve-freight-forwarding-nedir\/\" ><div class=\"elementor-post__thumbnail\"><img width=\"1800\" height=\"945\" src=\"https:\/\/kailogistics.com\/wp-content\/uploads\/2023\/07\/Akilli-Lojistik-ve-Freight-Forwarding-Nedir.jpg\" class=\"attachment-full size-full wp-image-9278\" alt=\"Ak\u0131ll\u0131 Lojistik ve Freight Forwarding Nedir\" decoding=\"async\" loading=\"lazy\" srcset=\"https:\/\/kailogistics.com\/wp-content\/uploads\/2023\/07\/Akilli-Lojistik-ve-Freight-Forwarding-Nedir.jpg 1800w, https:\/\/kailogistics.com\/wp-content\/uploads\/2023\/07\/Akilli-Lojistik-ve-Freight-Forwarding-Nedir-300x158.jpg 300w, https:\/\/kailogistics.com\/wp-content\/uploads\/2023\/07\/Akilli-Lojistik-ve-Freight-Forwarding-Nedir-1024x538.jpg 1024w, https:\/\/kailogistics.com\/wp-content\/uploads\/2023\/07\/Akilli-Lojistik-ve-Freight-Forwarding-Nedir-768x403.jpg 768w, https:\/\/kailogistics.com\/wp-content\/uploads\/2023\/07\/Akilli-Lojistik-ve-Freight-Forwarding-Nedir-1536x806.jpg 1536w\" sizes=\"(max-width: 1800px) 100vw, 1800px\" \/><\/div><\/a>\n\t\t\t\t<div class=\"elementor-post__text\">\n\t\t\t\t<h2 class=\"elementor-post__title\">\n\t\t\t<a href=\"https:\/\/kailogistics.com\/tr\/akilli-lojistik-ve-freight-forwarding-nedir\/\" >\n\t\t\t\tAk\u0131ll\u0131 Lojistik ve Freight Forwarding Nedir?\t\t\t<\/a>\n\t\t<\/h2>\n\t\t\t\t<\/div>\n\t\t\t\t<div class=\"elementor-post__meta-data\">\n\t\t\t\t\t<span class=\"elementor-post-date\">\n\t\t\tHaziran 15, 2023\t\t<\/span>\n\t\t\t\t<\/div>\n\t\t\t\t\t<\/div>\n\t\t<\/article>\n\t\t\t\t<article class=\"elementor-post elementor-grid-item post-9261 post type-post status-publish format-standard has-post-thumbnail hentry category-blog-2\">\n\t\t\t<div class=\"elementor-post__card\">\n\t\t\t\t<a class=\"elementor-post__thumbnail__link\" href=\"https:\/\/kailogistics.com\/tr\/freight-forwarderlar-kuresel-ticaretteki-gorunmez-kahramanlar\/\" ><div class=\"elementor-post__thumbnail\"><img width=\"1800\" height=\"945\" src=\"https:\/\/kailogistics.com\/wp-content\/uploads\/2023\/07\/Freight-Forwarderlar_-Kuresel-Ticaretteki-Gorunmez-Kahramanlar.jpg\" class=\"attachment-full size-full wp-image-9282\" alt=\"Freight Forwarder\u2019lar_ Ku\u0308resel Ticaretteki Go\u0308ru\u0308nmez Kahramanlar\" decoding=\"async\" loading=\"lazy\" srcset=\"https:\/\/kailogistics.com\/wp-content\/uploads\/2023\/07\/Freight-Forwarderlar_-Kuresel-Ticaretteki-Gorunmez-Kahramanlar.jpg 1800w, https:\/\/kailogistics.com\/wp-content\/uploads\/2023\/07\/Freight-Forwarderlar_-Kuresel-Ticaretteki-Gorunmez-Kahramanlar-300x158.jpg 300w, https:\/\/kailogistics.com\/wp-content\/uploads\/2023\/07\/Freight-Forwarderlar_-Kuresel-Ticaretteki-Gorunmez-Kahramanlar-1024x538.jpg 1024w, https:\/\/kailogistics.com\/wp-content\/uploads\/2023\/07\/Freight-Forwarderlar_-Kuresel-Ticaretteki-Gorunmez-Kahramanlar-768x403.jpg 768w, https:\/\/kailogistics.com\/wp-content\/uploads\/2023\/07\/Freight-Forwarderlar_-Kuresel-Ticaretteki-Gorunmez-Kahramanlar-1536x806.jpg 1536w\" sizes=\"(max-width: 1800px) 100vw, 1800px\" \/><\/div><\/a>\n\t\t\t\t<div class=\"elementor-post__text\">\n\t\t\t\t<h2 class=\"elementor-post__title\">\n\t\t\t<a href=\"https:\/\/kailogistics.com\/tr\/freight-forwarderlar-kuresel-ticaretteki-gorunmez-kahramanlar\/\" >\n\t\t\t\tFreight Forwarder&#8217;lar: K\u00fcresel Ticaretteki G\u00f6r\u00fcnmez Kahramanlar\t\t\t<\/a>\n\t\t<\/h2>\n\t\t\t\t<\/div>\n\t\t\t\t<div class=\"elementor-post__meta-data\">\n\t\t\t\t\t<span class=\"elementor-post-date\">\n\t\t\tHaziran 10, 2023\t\t<\/span>\n\t\t\t\t<\/div>\n\t\t\t\t\t<\/div>\n\t\t<\/article>\n\t\t\t\t<article class=\"elementor-post elementor-grid-item post-8516 post type-post status-publish format-standard has-post-thumbnail hentry category-blog-2\">\n\t\t\t<div class=\"elementor-post__card\">\n\t\t\t\t<a class=\"elementor-post__thumbnail__link\" href=\"https:\/\/kailogistics.com\/tr\/dunyanin-en-buyuk-49-kuresel-lojistik-limani\/\" ><div class=\"elementor-post__thumbnail\"><img width=\"2000\" height=\"1333\" src=\"https:\/\/kailogistics.com\/wp-content\/uploads\/2023\/02\/Top-49-Global-Ports-in-the-Global-World.jpeg\" class=\"attachment-full size-full wp-image-8507\" alt=\"Top 49 Global Ports in the Global World\" decoding=\"async\" loading=\"lazy\" srcset=\"https:\/\/kailogistics.com\/wp-content\/uploads\/2023\/02\/Top-49-Global-Ports-in-the-Global-World.jpeg 2000w, https:\/\/kailogistics.com\/wp-content\/uploads\/2023\/02\/Top-49-Global-Ports-in-the-Global-World-300x200.jpeg 300w, https:\/\/kailogistics.com\/wp-content\/uploads\/2023\/02\/Top-49-Global-Ports-in-the-Global-World-1024x682.jpeg 1024w, https:\/\/kailogistics.com\/wp-content\/uploads\/2023\/02\/Top-49-Global-Ports-in-the-Global-World-768x512.jpeg 768w, https:\/\/kailogistics.com\/wp-content\/uploads\/2023\/02\/Top-49-Global-Ports-in-the-Global-World-1536x1024.jpeg 1536w\" sizes=\"(max-width: 2000px) 100vw, 2000px\" \/><\/div><\/a>\n\t\t\t\t<div class=\"elementor-post__text\">\n\t\t\t\t<h2 class=\"elementor-post__title\">\n\t\t\t<a href=\"https:\/\/kailogistics.com\/tr\/dunyanin-en-buyuk-49-kuresel-lojistik-limani\/\" >\n\t\t\t\tD\u00fcnyan\u0131n En B\u00fcy\u00fck 49 K\u00fcresel Lojistik Liman\u0131\t\t\t<\/a>\n\t\t<\/h2>\n\t\t\t\t<\/div>\n\t\t\t\t<div class=\"elementor-post__meta-data\">\n\t\t\t\t\t<span class=\"elementor-post-date\">\n\t\t\t\u015eubat 7, 2023\t\t<\/span>\n\t\t\t\t<\/div>\n\t\t\t\t\t<\/div>\n\t\t<\/article>\n\t\t\t\t<\/div>\n\t\t\n\t\t\t\t<\/div>\n\t\t\t\t<\/div>\n\t\t\t\t\t<\/div>\n\t\t<\/div>\n\t\t\t\t\t\t\t<\/div>\n\t\t<\/section>\n\t\t\t\t\t\t\t<\/div>\n\t\t","protected":false},"excerpt":{"rendered":"<p>Blog Yaz\u0131lar\u0131m\u0131z Freight forwarding ve d\u0131\u015f ticaret ile ilgili en son haberleri, i\u00e7g\u00f6r\u00fc ve tavsiyeleri lojistik blo\u011fumuzda ke\u015ffedin.<\/p>\n","protected":false},"author":1,"featured_media":0,"parent":0,"menu_order":0,"comment_status":"closed","ping_status":"closed","template":"elementor_header_footer","meta":[],"_links":{"self":[{"href":"https:\/\/kailogistics.com\/tr\/wp-json\/wp\/v2\/pages\/8151"}],"collection":[{"href":"https:\/\/kailogistics.com\/tr\/wp-json\/wp\/v2\/pages"}],"about":[{"href":"https:\/\/kailogistics.com\/tr\/wp-json\/wp\/v2\/types\/page"}],"author":[{"embeddable":true,"href":"https:\/\/kailogistics.com\/tr\/wp-json\/wp\/v2\/users\/1"}],"replies":[{"embeddable":true,"href":"https:\/\/kailogistics.com\/tr\/wp-json\/wp\/v2\/comments?post=8151"}],"version-history":[{"count":10,"href":"https:\/\/kailogistics.com\/tr\/wp-json\/wp\/v2\/pages\/8151\/revisions"}],"predecessor-version":[{"id":9325,"href":"https:\/\/kailogistics.com\/tr\/wp-json\/wp\/v2\/pages\/8151\/revisions\/9325"}],"wp:attachment":[{"href":"https:\/\/kailogistics.com\/tr\/wp-json\/wp\/v2\/media?parent=8151"}],"curies":[{"name":"wp","href":"https:\/\/api.w.org\/{rel}","templated":true}]}}