{"id":8076,"date":"2022-12-24T18:20:28","date_gmt":"2022-12-24T18:20:28","guid":{"rendered":"https:\/\/kailogistics.com\/get-a-quote\/"},"modified":"2023-08-09T14:50:55","modified_gmt":"2023-08-09T14:50:55","slug":"teklif-talebi","status":"publish","type":"page","link":"https:\/\/kailogistics.com\/tr\/teklif-talebi\/","title":{"rendered":"Teklif Talebi"},"content":{"rendered":"\t\t<div data-elementor-type=\"wp-page\" data-elementor-id=\"8076\" class=\"elementor elementor-8076 elementor-5368\">\n\t\t\t\t\t\t\t\t\t<section class=\"elementor-section elementor-top-section elementor-element elementor-element-d3ee93e elementor-section-boxed elementor-section-height-default elementor-section-height-default\" data-id=\"d3ee93e\" data-element_type=\"section\" data-settings=\"{&quot;background_background&quot;:&quot;classic&quot;}\">\n\t\t\t\t\t\t\t<div class=\"elementor-background-overlay\"><\/div>\n\t\t\t\t\t\t\t<div class=\"elementor-container elementor-column-gap-default\">\n\t\t\t\t\t<div class=\"elementor-column elementor-col-50 elementor-top-column elementor-element elementor-element-f4a507c\" data-id=\"f4a507c\" data-element_type=\"column\">\n\t\t\t<div class=\"elementor-widget-wrap elementor-element-populated\">\n\t\t\t\t\t\t\t\t<div class=\"elementor-element elementor-element-bb26f77 elementor-view-stacked elementor-shape-circle elementor-widget elementor-widget-icon\" data-id=\"bb26f77\" data-element_type=\"widget\" data-widget_type=\"icon.default\">\n\t\t\t\t<div class=\"elementor-widget-container\">\n\t\t\t\t\t<div class=\"elementor-icon-wrapper\">\n\t\t\t<div class=\"elementor-icon\">\n\t\t\t<svg xmlns=\"http:\/\/www.w3.org\/2000\/svg\" viewBox=\"0 0 227.62 227.62\"><defs><style>.cls-1{fill:#231f20;}.cls-2{fill:#fcd404;}.cls-3{fill:#ed1c24;}.cls-4{fill:#00aeef;}.cls-5{fill:#39b54a;}<\/style><\/defs><title>Asset 4<\/title><g id=\"Layer_2\" data-name=\"Layer 2\"><g id=\"Layer_1-2\" data-name=\"Layer 1\"><path class=\"cls-1\" d=\"M221.08,97.52,175.59,52,130.1,6.54S113.31-9.25,95.81,8.25L52,52,6.54,97.52s-15.79,16.79,1.71,34.29L52,175.59l43.78,43.78c17.5,17.5,34.29,1.71,34.29,1.71l45.49-45.49,43.78-43.78C236.87,114.31,221.08,97.52,221.08,97.52ZM113.81,172.09,55.53,113.81l58.28-58.28,58.28,58.28Z\"><\/path><path class=\"cls-2\" d=\"M35.26,98.77,125.37,8.71C119,3.74,113.14,4,113.14,4c-4.37-.46-9.07,2.48-11.71,4.49L10.92,99,98.7,186.67,111,174.49,46.1,109.64Z\"><\/path><path class=\"cls-3\" d=\"M98.6,192.27,8.54,102.16c-5,6.42-4.69,12.24-4.69,12.24-.46,4.37,2.49,9.07,4.5,11.71l90.5,90.51,87.66-87.78-12.18-12.31-64.86,64.91Z\"><\/path><path class=\"cls-4\" d=\"M192.43,128.85l-90.11,90.06c6.42,5,12.24,4.69,12.24,4.69,4.36.46,9.07-2.49,11.71-4.49l90.5-90.51L129,41,116.69,53.13,181.6,118Z\"><\/path><path class=\"cls-5\" d=\"M129,35.28l90.06,90.11c5-6.42,4.69-12.24,4.69-12.24.46-4.36-2.49-9.07-4.5-11.71l-90.5-90.5L41.11,98.71,53.29,111l64.85-64.91Z\"><\/path><\/g><\/g><\/svg>\t\t\t<\/div>\n\t\t<\/div>\n\t\t\t\t<\/div>\n\t\t\t\t<\/div>\n\t\t\t\t<div class=\"elementor-element elementor-element-20cc6b4 elementor-widget__width-inherit elementor-widget elementor-widget-heading\" data-id=\"20cc6b4\" data-element_type=\"widget\" data-widget_type=\"heading.default\">\n\t\t\t\t<div class=\"elementor-widget-container\">\n\t\t\t<style>\/*! elementor - v3.10.1 - 17-01-2023 *\/\n.elementor-heading-title{padding:0;margin:0;line-height:1}.elementor-widget-heading .elementor-heading-title[class*=elementor-size-]>a{color:inherit;font-size:inherit;line-height:inherit}.elementor-widget-heading .elementor-heading-title.elementor-size-small{font-size:15px}.elementor-widget-heading .elementor-heading-title.elementor-size-medium{font-size:19px}.elementor-widget-heading .elementor-heading-title.elementor-size-large{font-size:29px}.elementor-widget-heading .elementor-heading-title.elementor-size-xl{font-size:39px}.elementor-widget-heading .elementor-heading-title.elementor-size-xxl{font-size:59px}<\/style><h2 class=\"elementor-heading-title elementor-size-default\">Hemen Teklif Al\u0131n<\/h2>\t\t<\/div>\n\t\t\t\t<\/div>\n\t\t\t\t<div class=\"elementor-element elementor-element-16ee39e elementor-widget-divider--view-line elementor-widget elementor-widget-divider\" data-id=\"16ee39e\" data-element_type=\"widget\" data-widget_type=\"divider.default\">\n\t\t\t\t<div class=\"elementor-widget-container\">\n\t\t\t<style>\/*! elementor - v3.10.1 - 17-01-2023 *\/\n.elementor-widget-divider{--divider-border-style:none;--divider-border-width:1px;--divider-color:#2c2c2c;--divider-icon-size:20px;--divider-element-spacing:10px;--divider-pattern-height:24px;--divider-pattern-size:20px;--divider-pattern-url:none;--divider-pattern-repeat:repeat-x}.elementor-widget-divider .elementor-divider{display:flex}.elementor-widget-divider .elementor-divider__text{font-size:15px;line-height:1;max-width:95%}.elementor-widget-divider .elementor-divider__element{margin:0 var(--divider-element-spacing);flex-shrink:0}.elementor-widget-divider .elementor-icon{font-size:var(--divider-icon-size)}.elementor-widget-divider .elementor-divider-separator{display:flex;margin:0;direction:ltr}.elementor-widget-divider--view-line_icon .elementor-divider-separator,.elementor-widget-divider--view-line_text .elementor-divider-separator{align-items:center}.elementor-widget-divider--view-line_icon .elementor-divider-separator:after,.elementor-widget-divider--view-line_icon .elementor-divider-separator:before,.elementor-widget-divider--view-line_text .elementor-divider-separator:after,.elementor-widget-divider--view-line_text .elementor-divider-separator:before{display:block;content:\"\";border-bottom:0;flex-grow:1;border-top:var(--divider-border-width) var(--divider-border-style) var(--divider-color)}.elementor-widget-divider--element-align-left .elementor-divider .elementor-divider-separator>.elementor-divider__svg:first-of-type{flex-grow:0;flex-shrink:100}.elementor-widget-divider--element-align-left .elementor-divider-separator:before{content:none}.elementor-widget-divider--element-align-left .elementor-divider__element{margin-left:0}.elementor-widget-divider--element-align-right .elementor-divider .elementor-divider-separator>.elementor-divider__svg:last-of-type{flex-grow:0;flex-shrink:100}.elementor-widget-divider--element-align-right .elementor-divider-separator:after{content:none}.elementor-widget-divider--element-align-right .elementor-divider__element{margin-right:0}.elementor-widget-divider:not(.elementor-widget-divider--view-line_text):not(.elementor-widget-divider--view-line_icon) .elementor-divider-separator{border-top:var(--divider-border-width) var(--divider-border-style) var(--divider-color)}.elementor-widget-divider--separator-type-pattern{--divider-border-style:none}.elementor-widget-divider--separator-type-pattern.elementor-widget-divider--view-line .elementor-divider-separator,.elementor-widget-divider--separator-type-pattern:not(.elementor-widget-divider--view-line) .elementor-divider-separator:after,.elementor-widget-divider--separator-type-pattern:not(.elementor-widget-divider--view-line) .elementor-divider-separator:before,.elementor-widget-divider--separator-type-pattern:not([class*=elementor-widget-divider--view]) .elementor-divider-separator{width:100%;min-height:var(--divider-pattern-height);-webkit-mask-size:var(--divider-pattern-size) 100%;mask-size:var(--divider-pattern-size) 100%;-webkit-mask-repeat:var(--divider-pattern-repeat);mask-repeat:var(--divider-pattern-repeat);background-color:var(--divider-color);-webkit-mask-image:var(--divider-pattern-url);mask-image:var(--divider-pattern-url)}.elementor-widget-divider--no-spacing{--divider-pattern-size:auto}.elementor-widget-divider--bg-round{--divider-pattern-repeat:round}.rtl .elementor-widget-divider .elementor-divider__text{direction:rtl}.e-con-inner>.elementor-widget-divider,.e-con>.elementor-widget-divider{width:var(--container-widget-width);--flex-grow:var(--container-widget-flex-grow)}<\/style>\t\t<div class=\"elementor-divider\">\n\t\t\t<span class=\"elementor-divider-separator\">\n\t\t\t\t\t\t<\/span>\n\t\t<\/div>\n\t\t\t\t<\/div>\n\t\t\t\t<\/div>\n\t\t\t\t<div class=\"elementor-element elementor-element-8bdd892 elementor-widget elementor-widget-heading\" data-id=\"8bdd892\" data-element_type=\"widget\" data-widget_type=\"heading.default\">\n\t\t\t\t<div class=\"elementor-widget-container\">\n\t\t\t<h2 class=\"elementor-heading-title elementor-size-default\">\u0130\u015finizi benzersiz hizmet ve uzmanl\u0131kla desteklemeye haz\u0131r\u0131z. G\u00f6nderilerinizi ta\u015f\u0131mak i\u00e7in g\u00fcvenilir bir lojistik partneri mi ar\u0131yorsunuz? KAI size yard\u0131mc\u0131 olabilir.<br><br>\nBize i\u015finiz ve nakliye ihtiya\u00e7lar\u0131n\u0131z hakk\u0131nda birka\u00e7 ayr\u0131nt\u0131 daha verin, uzmanlar\u0131m\u0131zdan biri fiyat teklifi i\u00e7in sizinle ileti\u015fime ge\u00e7ecektir.<\/h2>\t\t<\/div>\n\t\t\t\t<\/div>\n\t\t\t\t\t<\/div>\n\t\t<\/div>\n\t\t\t\t<div class=\"elementor-column elementor-col-50 elementor-top-column elementor-element elementor-element-edb58fc\" data-id=\"edb58fc\" data-element_type=\"column\" data-settings=\"{&quot;background_background&quot;:&quot;classic&quot;}\">\n\t\t\t<div class=\"elementor-widget-wrap elementor-element-populated\">\n\t\t\t\t\t\t\t\t<div class=\"elementor-element elementor-element-ba63a13 elementor-widget elementor-widget-shortcode\" data-id=\"ba63a13\" data-element_type=\"widget\" data-widget_type=\"shortcode.default\">\n\t\t\t\t<div class=\"elementor-widget-container\">\n\t\t\t\t\t<div class=\"elementor-shortcode\"><div id=\"quform-4f5f27\" class=\"quform quform-5 quform-theme-minimal quform-support-page-caching\"><form id=\"quform-form-4f5f27\" class=\"quform-form quform-form-5\" action=\"\/tr\/wp-json\/wp\/v2\/pages\/8076#quform-4f5f27\" method=\"post\" enctype=\"multipart\/form-data\" novalidate=\"novalidate\" data-options=\"{&quot;id&quot;:5,&quot;uniqueId&quot;:&quot;4f5f27&quot;,&quot;theme&quot;:&quot;minimal&quot;,&quot;ajax&quot;:true,&quot;logic&quot;:{&quot;logic&quot;:[],&quot;dependents&quot;:[],&quot;elementIds&quot;:[],&quot;dependentElementIds&quot;:[],&quot;animate&quot;:true},&quot;currentPageId&quot;:1,&quot;errorsIcon&quot;:&quot;&quot;,&quot;updateFancybox&quot;:true,&quot;hasPages&quot;:false,&quot;pages&quot;:[1],&quot;pageProgressType&quot;:&quot;numbers&quot;,&quot;tooltipsEnabled&quot;:true,&quot;tooltipClasses&quot;:&quot;qtip-quform-dark qtip-shadow&quot;,&quot;tooltipMy&quot;:&quot;left center&quot;,&quot;tooltipAt&quot;:&quot;right center&quot;,&quot;isRtl&quot;:false,&quot;scrollOffset&quot;:-50,&quot;scrollSpeed&quot;:800}\"><button class=\"quform-default-submit\" name=\"quform_submit\" type=\"submit\" value=\"submit\" aria-hidden=\"true\" tabindex=\"-1\"><\/button><div class=\"quform-form-inner quform-form-inner-5\"><input type=\"hidden\" name=\"quform_form_id\" value=\"5\" \/><input type=\"hidden\" name=\"quform_form_uid\" value=\"4f5f27\" \/><input type=\"hidden\" name=\"quform_count\" value=\"1\" \/><input type=\"hidden\" name=\"form_url\" value=\"https:\/\/kailogistics.com\/tr\/wp-json\/wp\/v2\/pages\/8076\" \/><input type=\"hidden\" name=\"referring_url\" value=\"\" \/><input type=\"hidden\" name=\"post_id\" value=\"\" \/><input type=\"hidden\" name=\"post_title\" value=\"\" \/><input type=\"hidden\" name=\"quform_current_page_id\" value=\"1\" \/><input type=\"hidden\" name=\"quform_csrf_token\" value=\"MSJ2f5xoT3RoBmaRxQzFidEg0bqSFKhrf2PRe80y\" \/><div class=\"quform-elements quform-elements-5 quform-cf quform-responsive-elements-phone-landscape\"><div class=\"quform-element quform-element-page quform-page-1 quform-page-5_1 quform-cf quform-group-style-plain quform-first-page quform-last-page quform-current-page\"><div class=\"quform-child-elements\"><div class=\"quform-element quform-element-row quform-element-row-5_4 quform-2-columns quform-element-row-size-fixed quform-responsive-columns-phone-landscape\"><div class=\"quform-element quform-element-column quform-element-5_5\"><div class=\"quform-element quform-element-text quform-element-5_3 quform-cf quform-element-required\"><div class=\"quform-spacer\"><div class=\"quform-inner quform-inner-text quform-inner-5_3 quform-field-size-fat\"><div class=\"quform-input quform-input-text quform-input-5_3 quform-cf\"><input type=\"text\" id=\"quform_5_3_4f5f27\" name=\"quform_5_3\" class=\"quform-field quform-field-text quform-field-5_3\" placeholder=\"Ad-Soyad\" \/><\/div><\/div><\/div><\/div><\/div><div class=\"quform-element quform-element-column quform-element-5_6\"><div class=\"quform-element quform-element-text quform-element-5_7 quform-cf quform-element-required\"><div class=\"quform-spacer\"><div class=\"quform-inner quform-inner-text quform-inner-5_7 quform-field-size-fat\"><div class=\"quform-input quform-input-text quform-input-5_7 quform-cf\"><input type=\"text\" id=\"quform_5_7_4f5f27\" name=\"quform_5_7\" class=\"quform-field quform-field-text quform-field-5_7\" placeholder=\"E-Mail\" \/><\/div><\/div><\/div><\/div><\/div><\/div><div class=\"quform-element quform-element-row quform-element-row-5_8 quform-2-columns quform-element-row-size-fixed quform-responsive-columns-phone-landscape\"><div class=\"quform-element quform-element-column quform-element-5_9\"><div class=\"quform-element quform-element-text quform-element-5_10 quform-cf quform-element-required\"><div class=\"quform-spacer\"><div class=\"quform-inner quform-inner-text quform-inner-5_10 quform-field-size-fat\"><div class=\"quform-input quform-input-text quform-input-5_10 quform-cf\"><input type=\"text\" id=\"quform_5_10_4f5f27\" name=\"quform_5_10\" class=\"quform-field quform-field-text quform-field-5_10\" placeholder=\"Telefon\" \/><\/div><\/div><\/div><\/div><\/div><div class=\"quform-element quform-element-column quform-element-5_11\"><div class=\"quform-element quform-element-select quform-element-5_17 quform-cf quform-element-required\"><div class=\"quform-spacer\"><div class=\"quform-inner quform-inner-select quform-inner-5_17 quform-field-size-fat\"><div class=\"quform-input quform-input-select quform-input-5_17 quform-cf\"><select id=\"quform_5_17_4f5f27\" name=\"quform_5_17\" class=\"quform-field quform-field-select quform-field-5_17\"><option value=\"\" selected=\"selected\">Ta\u015f\u0131mac\u0131l\u0131k \u00c7\u00f6z\u00fcmleri<\/option><option value=\"Hepsi\">Hepsi<\/option><option value=\"Denizyolu Ta\u015f\u0131mac\u0131l\u0131\u011f\u0131\">Denizyolu Ta\u015f\u0131mac\u0131l\u0131\u011f\u0131<\/option><option value=\"Havayolu Ta\u015f\u0131mac\u0131l\u0131\u011f\u0131\">Havayolu Ta\u015f\u0131mac\u0131l\u0131\u011f\u0131<\/option><option value=\"Ye\u015fil Lojistik\">Ye\u015fil Lojistik<\/option><option value=\"U\u00e7tan Uca \u00c7\u00f6z\u00fcmler\">U\u00e7tan Uca \u00c7\u00f6z\u00fcmler<\/option><option value=\"Sa\u011fl\u0131k &amp; Medikal\">Sa\u011fl\u0131k &amp; Medikal<\/option><option value=\"D\u0131\u015f Ticaret \u00c7\u00f6z\u00fcmleri\">D\u0131\u015f Ticaret \u00c7\u00f6z\u00fcmleri<\/option><\/select><\/div><\/div><\/div><\/div><\/div><\/div><div class=\"quform-element quform-element-row quform-element-row-5_19 quform-2-columns quform-element-row-size-fixed quform-responsive-columns-phone-landscape\"><div class=\"quform-element quform-element-column quform-element-5_20\"><div class=\"quform-element quform-element-text quform-element-5_25 quform-cf quform-element-required\"><div class=\"quform-spacer\"><div class=\"quform-inner quform-inner-text quform-inner-5_25 quform-field-size-fat\"><div class=\"quform-input quform-input-text quform-input-5_25 quform-cf\"><input type=\"text\" id=\"quform_5_25_4f5f27\" name=\"quform_5_25\" class=\"quform-field quform-field-text quform-field-5_25\" placeholder=\"\u00c7\u0131k\u0131\u015f Liman\u0131 \/ Havaalan\u0131 \/ \u015eehir\" \/><\/div><\/div><\/div><\/div><\/div><div class=\"quform-element quform-element-column quform-element-5_22\"><div class=\"quform-element quform-element-text quform-element-5_26 quform-cf quform-element-required\"><div class=\"quform-spacer\"><div class=\"quform-inner quform-inner-text quform-inner-5_26 quform-field-size-fat\"><div class=\"quform-input quform-input-text quform-input-5_26 quform-cf\"><input type=\"text\" id=\"quform_5_26_4f5f27\" name=\"quform_5_26\" class=\"quform-field quform-field-text quform-field-5_26\" placeholder=\"Var\u0131\u015f Liman\u0131 \/ Havaalan\u0131 \/ \u015eehir\" \/><\/div><\/div><\/div><\/div><\/div><\/div><div class=\"quform-element quform-element-row quform-element-row-5_27 quform-2-columns quform-element-row-size-fixed quform-responsive-columns-phone-landscape\"><div class=\"quform-element quform-element-column quform-element-5_28\"><div class=\"quform-element quform-element-text quform-element-5_29 quform-cf quform-element-required\"><div class=\"quform-spacer\"><div class=\"quform-inner quform-inner-text quform-inner-5_29 quform-field-size-fat\"><div class=\"quform-input quform-input-text quform-input-5_29 quform-cf\"><input type=\"text\" id=\"quform_5_29_4f5f27\" name=\"quform_5_29\" class=\"quform-field quform-field-text quform-field-5_29\" placeholder=\"\u00dcr\u00fcn T\u00fcr\u00fc\" \/><\/div><\/div><\/div><\/div><\/div><div class=\"quform-element quform-element-column quform-element-5_30\"><div class=\"quform-element quform-element-select quform-element-5_37 quform-cf quform-element-optional\"><div class=\"quform-spacer\"><div class=\"quform-inner quform-inner-select quform-inner-5_37 quform-field-size-fat\"><div class=\"quform-input quform-input-select quform-input-5_37 quform-cf\"><select id=\"quform_5_37_4f5f27\" name=\"quform_5_37\" class=\"quform-field quform-field-select quform-field-5_37\"><option value=\"\" selected=\"selected\">Katma De\u011ferli Hizmetler<\/option><option value=\"\u0130stiflenebilir\">\u0130stiflenebilir<\/option><option value=\"Tehlikeli Madde\">Tehlikeli Madde<\/option><option value=\"Kargo Sigortas\u0131\">Kargo Sigortas\u0131<\/option><\/select><\/div><\/div><\/div><\/div><\/div><\/div><div class=\"quform-element quform-element-text quform-element-5_38 quform-cf quform-element-required\"><div class=\"quform-spacer\"><div class=\"quform-inner quform-inner-text quform-inner-5_38 quform-field-size-fat\"><div class=\"quform-input quform-input-text quform-input-5_38 quform-cf\"><input type=\"text\" id=\"quform_5_38_4f5f27\" name=\"quform_5_38\" class=\"quform-field quform-field-text quform-field-5_38\" placeholder=\"L\u00fctfen konteyner tipini, paket miktar\u0131n\u0131 ve boyutlar\u0131n\u0131 bildiriniz...\" \/><\/div><\/div><\/div><\/div><div class=\"quform-element quform-element-recaptcha quform-element-5_40 quform-cf quform-element-required quform-recaptcha-no-size\"><div class=\"quform-spacer\"><div class=\"quform-inner quform-inner-recaptcha quform-inner-5_40 quform-field-size-fat\"><div class=\"quform-input quform-input-recaptcha quform-input-5_40 quform-cf\"><div class=\"quform-recaptcha\" data-config=\"{&quot;sitekey&quot;:&quot;6LcVxbEkAAAAAN7TU5mGDaIPnL7r-tylRmQFOnqu&quot;,&quot;_version&quot;:&quot;v3&quot;,&quot;size&quot;:&quot;invisible&quot;,&quot;type&quot;:&quot;image&quot;,&quot;theme&quot;:&quot;light&quot;,&quot;badge&quot;:&quot;bottomright&quot;}\"><\/div><noscript>Bu formu g\u00f6ndermek i\u00e7in l\u00fctfen JavaScript&#039;i etkinle\u015ftirin.<\/noscript><\/div><\/div><\/div><\/div><div class=\"quform-element quform-element-radio quform-element-5_41 quform-cf quform-element-required\"><div class=\"quform-spacer\"><div class=\"quform-inner quform-inner-radio quform-inner-5_41 quform-field-size-fat\"><div class=\"quform-input quform-input-radio quform-input-5_41 quform-cf\"><div class=\"quform-options quform-cf quform-options-block quform-options-simple\"><div class=\"quform-option\"><input type=\"radio\" name=\"quform_5_41\" id=\"quform_5_41_4f5f27_1\" class=\"quform-field quform-field-radio quform-field-5_41 quform-field-5_41_1\" value=\"&lt;a href=&quot;https:\/\/kailogistics.com\/tr\/aydinlatma-metni\/&quot;&gt;&lt;strong&gt;Ayd\u0131nlatma Metni&lt;\/strong&gt;&lt;\/a&gt; ve &lt;a href=&quot;https:\/\/kailogistics.com\/tr\/musteri-acik-riza-metni\/&quot;&gt;&lt;strong&gt;A\u00e7\u0131k R\u0131za Metni&lt;\/strong&gt;&lt;\/a&gt; \u00e7er\u00e7evesinde ki\u015fisel verilerimin i\u015flenece\u011fi konusunda bilgilendirildim ve ki\u015fisel verilerimin i\u015flenmesine a\u00e7\u0131k r\u0131za g\u00f6steriyorum.\" \/><label for=\"quform_5_41_4f5f27_1\" class=\"quform-option-label quform-option-label-5_41_1\"><span class=\"quform-option-text\"><a href=\"https:\/\/kailogistics.com\/tr\/aydinlatma-metni\/\"><strong>Ayd\u0131nlatma Metni<\/strong><\/a> ve <a href=\"https:\/\/kailogistics.com\/tr\/musteri-acik-riza-metni\/\"><strong>A\u00e7\u0131k R\u0131za Metni<\/strong><\/a> \u00e7er\u00e7evesinde ki\u015fisel verilerimin i\u015flenece\u011fi konusunda bilgilendirildim ve ki\u015fisel verilerimin i\u015flenmesine a\u00e7\u0131k r\u0131za g\u00f6steriyorum.<\/span><\/label><\/div><\/div><\/div><\/div><\/div><\/div><div class=\"quform-element quform-element-submit quform-element-5_2 quform-cf quform-button-style-theme quform-button-size-fat quform-button-width-full\"><div class=\"quform-button-submit quform-button-submit-default quform-button-submit-5_2\"><button name=\"quform_submit\" type=\"submit\" class=\"quform-submit\" value=\"submit\"><span class=\"quform-button-text quform-button-submit-text\">Teklif Talebi G\u00f6nder<\/span><\/button><\/div><div class=\"quform-loading quform-loading-position-left quform-loading-type-spinner-1\"><div class=\"quform-loading-inner\"><div class=\"quform-loading-spinner\"><div class=\"quform-loading-spinner-inner\"><\/div><\/div><\/div><\/div><\/div><div class=\"quform-element-tree\"><label for=\"quform_5_0_4f5f27\">Bu alan bo\u015f b\u0131rak\u0131lmal\u0131d\u0131r<\/label><input type=\"text\" id=\"quform_5_0_4f5f27\" name=\"quform_5_0\" class=\"quform-field quform-field-tree quform-field-5_0\" tabindex=\"-1\" autocomplete=\"off\" \/><\/div><\/div><\/div><\/div><\/div><\/form><\/div><\/div>\n\t\t\t\t<\/div>\n\t\t\t\t<\/div>\n\t\t\t\t\t<\/div>\n\t\t<\/div>\n\t\t\t\t\t\t\t<\/div>\n\t\t<\/section>\n\t\t\t\t\t\t\t<\/div>\n\t\t","protected":false},"excerpt":{"rendered":"<p>Asset 4 Hemen Teklif Al\u0131n \u0130\u015finizi benzersiz hizmet ve uzmanl\u0131kla desteklemeye haz\u0131r\u0131z. G\u00f6nderilerinizi ta\u015f\u0131mak i\u00e7in g\u00fcvenilir bir lojistik partneri mi ar\u0131yorsunuz? KAI size yard\u0131mc\u0131 olabilir. Bize i\u015finiz ve nakliye ihtiya\u00e7lar\u0131n\u0131z hakk\u0131nda birka\u00e7 ayr\u0131nt\u0131 daha verin, uzmanlar\u0131m\u0131zdan biri fiyat teklifi i\u00e7in sizinle ileti\u015fime ge\u00e7ecektir.<\/p>\n","protected":false},"author":1,"featured_media":8604,"parent":0,"menu_order":0,"comment_status":"closed","ping_status":"closed","template":"elementor_header_footer","meta":[],"_links":{"self":[{"href":"https:\/\/kailogistics.com\/tr\/wp-json\/wp\/v2\/pages\/8076"}],"collection":[{"href":"https:\/\/kailogistics.com\/tr\/wp-json\/wp\/v2\/pages"}],"about":[{"href":"https:\/\/kailogistics.com\/tr\/wp-json\/wp\/v2\/types\/page"}],"author":[{"embeddable":true,"href":"https:\/\/kailogistics.com\/tr\/wp-json\/wp\/v2\/users\/1"}],"replies":[{"embeddable":true,"href":"https:\/\/kailogistics.com\/tr\/wp-json\/wp\/v2\/comments?post=8076"}],"version-history":[{"count":8,"href":"https:\/\/kailogistics.com\/tr\/wp-json\/wp\/v2\/pages\/8076\/revisions"}],"predecessor-version":[{"id":9734,"href":"https:\/\/kailogistics.com\/tr\/wp-json\/wp\/v2\/pages\/8076\/revisions\/9734"}],"wp:featuredmedia":[{"embeddable":true,"href":"https:\/\/kailogistics.com\/tr\/wp-json\/wp\/v2\/media\/8604"}],"wp:attachment":[{"href":"https:\/\/kailogistics.com\/tr\/wp-json\/wp\/v2\/media?parent=8076"}],"curies":[{"name":"wp","href":"https:\/\/api.w.org\/{rel}","templated":true}]}}