{"id":8007,"date":"2022-12-18T12:03:50","date_gmt":"2022-12-18T12:03:50","guid":{"rendered":"https:\/\/kailogistics.com\/healthcare-logistics\/"},"modified":"2023-02-13T11:25:09","modified_gmt":"2023-02-13T11:25:09","slug":"saglik-medikal-lojistigi","status":"publish","type":"page","link":"https:\/\/kailogistics.com\/tr\/saglik-medikal-lojistigi\/","title":{"rendered":"Sa\u011fl\u0131k &#038; Medikal Lojisti\u011fi"},"content":{"rendered":"\t\t<div data-elementor-type=\"wp-page\" data-elementor-id=\"8007\" class=\"elementor elementor-8007 elementor-3914\">\n\t\t\t\t\t\t\t\t\t<section class=\"elementor-section elementor-top-section elementor-element elementor-element-20a0775 elementor-section-boxed elementor-section-height-default elementor-section-height-default\" data-id=\"20a0775\" data-element_type=\"section\" data-settings=\"{&quot;background_background&quot;:&quot;classic&quot;}\">\n\t\t\t\t\t\t\t<div class=\"elementor-background-overlay\"><\/div>\n\t\t\t\t\t\t\t<div class=\"elementor-container elementor-column-gap-default\">\n\t\t\t\t\t<div class=\"elementor-column elementor-col-50 elementor-top-column elementor-element elementor-element-03a342e\" data-id=\"03a342e\" data-element_type=\"column\">\n\t\t\t<div class=\"elementor-widget-wrap elementor-element-populated\">\n\t\t\t\t\t\t\t\t<div class=\"elementor-element elementor-element-e02263b elementor-widget__width-inherit elementor-widget elementor-widget-heading\" data-id=\"e02263b\" data-element_type=\"widget\" data-widget_type=\"heading.default\">\n\t\t\t\t<div class=\"elementor-widget-container\">\n\t\t\t<style>\/*! elementor - v3.10.1 - 17-01-2023 *\/\n.elementor-heading-title{padding:0;margin:0;line-height:1}.elementor-widget-heading .elementor-heading-title[class*=elementor-size-]>a{color:inherit;font-size:inherit;line-height:inherit}.elementor-widget-heading .elementor-heading-title.elementor-size-small{font-size:15px}.elementor-widget-heading .elementor-heading-title.elementor-size-medium{font-size:19px}.elementor-widget-heading .elementor-heading-title.elementor-size-large{font-size:29px}.elementor-widget-heading .elementor-heading-title.elementor-size-xl{font-size:39px}.elementor-widget-heading .elementor-heading-title.elementor-size-xxl{font-size:59px}<\/style><h1 class=\"elementor-heading-title elementor-size-default\">Sa\u011fl\u0131k & Medikal \u00c7\u00f6z\u00fcmler<\/h1>\t\t<\/div>\n\t\t\t\t<\/div>\n\t\t\t\t<div class=\"elementor-element elementor-element-deb1dca elementor-widget-divider--view-line elementor-widget elementor-widget-divider\" data-id=\"deb1dca\" data-element_type=\"widget\" data-widget_type=\"divider.default\">\n\t\t\t\t<div class=\"elementor-widget-container\">\n\t\t\t<style>\/*! elementor - v3.10.1 - 17-01-2023 *\/\n.elementor-widget-divider{--divider-border-style:none;--divider-border-width:1px;--divider-color:#2c2c2c;--divider-icon-size:20px;--divider-element-spacing:10px;--divider-pattern-height:24px;--divider-pattern-size:20px;--divider-pattern-url:none;--divider-pattern-repeat:repeat-x}.elementor-widget-divider .elementor-divider{display:flex}.elementor-widget-divider .elementor-divider__text{font-size:15px;line-height:1;max-width:95%}.elementor-widget-divider .elementor-divider__element{margin:0 var(--divider-element-spacing);flex-shrink:0}.elementor-widget-divider .elementor-icon{font-size:var(--divider-icon-size)}.elementor-widget-divider .elementor-divider-separator{display:flex;margin:0;direction:ltr}.elementor-widget-divider--view-line_icon .elementor-divider-separator,.elementor-widget-divider--view-line_text .elementor-divider-separator{align-items:center}.elementor-widget-divider--view-line_icon .elementor-divider-separator:after,.elementor-widget-divider--view-line_icon .elementor-divider-separator:before,.elementor-widget-divider--view-line_text .elementor-divider-separator:after,.elementor-widget-divider--view-line_text .elementor-divider-separator:before{display:block;content:\"\";border-bottom:0;flex-grow:1;border-top:var(--divider-border-width) var(--divider-border-style) var(--divider-color)}.elementor-widget-divider--element-align-left .elementor-divider .elementor-divider-separator>.elementor-divider__svg:first-of-type{flex-grow:0;flex-shrink:100}.elementor-widget-divider--element-align-left .elementor-divider-separator:before{content:none}.elementor-widget-divider--element-align-left .elementor-divider__element{margin-left:0}.elementor-widget-divider--element-align-right .elementor-divider .elementor-divider-separator>.elementor-divider__svg:last-of-type{flex-grow:0;flex-shrink:100}.elementor-widget-divider--element-align-right .elementor-divider-separator:after{content:none}.elementor-widget-divider--element-align-right .elementor-divider__element{margin-right:0}.elementor-widget-divider:not(.elementor-widget-divider--view-line_text):not(.elementor-widget-divider--view-line_icon) .elementor-divider-separator{border-top:var(--divider-border-width) var(--divider-border-style) var(--divider-color)}.elementor-widget-divider--separator-type-pattern{--divider-border-style:none}.elementor-widget-divider--separator-type-pattern.elementor-widget-divider--view-line .elementor-divider-separator,.elementor-widget-divider--separator-type-pattern:not(.elementor-widget-divider--view-line) .elementor-divider-separator:after,.elementor-widget-divider--separator-type-pattern:not(.elementor-widget-divider--view-line) .elementor-divider-separator:before,.elementor-widget-divider--separator-type-pattern:not([class*=elementor-widget-divider--view]) .elementor-divider-separator{width:100%;min-height:var(--divider-pattern-height);-webkit-mask-size:var(--divider-pattern-size) 100%;mask-size:var(--divider-pattern-size) 100%;-webkit-mask-repeat:var(--divider-pattern-repeat);mask-repeat:var(--divider-pattern-repeat);background-color:var(--divider-color);-webkit-mask-image:var(--divider-pattern-url);mask-image:var(--divider-pattern-url)}.elementor-widget-divider--no-spacing{--divider-pattern-size:auto}.elementor-widget-divider--bg-round{--divider-pattern-repeat:round}.rtl .elementor-widget-divider .elementor-divider__text{direction:rtl}.e-con-inner>.elementor-widget-divider,.e-con>.elementor-widget-divider{width:var(--container-widget-width);--flex-grow:var(--container-widget-flex-grow)}<\/style>\t\t<div class=\"elementor-divider\">\n\t\t\t<span class=\"elementor-divider-separator\">\n\t\t\t\t\t\t<\/span>\n\t\t<\/div>\n\t\t\t\t<\/div>\n\t\t\t\t<\/div>\n\t\t\t\t<div class=\"elementor-element elementor-element-f7dc094 elementor-widget elementor-widget-heading\" data-id=\"f7dc094\" data-element_type=\"widget\" data-widget_type=\"heading.default\">\n\t\t\t\t<div class=\"elementor-widget-container\">\n\t\t\t<h2 class=\"elementor-heading-title elementor-size-default\">\u0130ster \u00f6zel nakliye gereksinimleri olan bir a\u015f\u0131 \u00fcreticisi, ister y\u00fcksek teknolojili, y\u00fcksek de\u011ferli bir t\u0131bbi cihaz \u00fcreticisi olun, yolculu\u011fun her ad\u0131m\u0131nda size yard\u0131mc\u0131 olaca\u011f\u0131m\u0131z konusunda bize g\u00fcvenebilirsiniz. <\/h2>\t\t<\/div>\n\t\t\t\t<\/div>\n\t\t\t\t\t<\/div>\n\t\t<\/div>\n\t\t\t\t<div class=\"elementor-column elementor-col-50 elementor-top-column elementor-element elementor-element-3139903\" data-id=\"3139903\" data-element_type=\"column\">\n\t\t\t<div class=\"elementor-widget-wrap\">\n\t\t\t\t\t\t\t\t\t<\/div>\n\t\t<\/div>\n\t\t\t\t\t\t\t<\/div>\n\t\t<\/section>\n\t\t\t\t<section class=\"elementor-section elementor-top-section elementor-element elementor-element-b5cf448 elementor-section-content-middle elementor-section-boxed elementor-section-height-default elementor-section-height-default\" data-id=\"b5cf448\" data-element_type=\"section\" data-settings=\"{&quot;background_background&quot;:&quot;classic&quot;}\">\n\t\t\t\t\t\t<div class=\"elementor-container elementor-column-gap-default\">\n\t\t\t\t\t<div class=\"elementor-column elementor-col-50 elementor-top-column elementor-element elementor-element-2cde27d\" data-id=\"2cde27d\" data-element_type=\"column\">\n\t\t\t<div class=\"elementor-widget-wrap elementor-element-populated\">\n\t\t\t\t\t\t\t\t<div class=\"elementor-element elementor-element-58d571a elementor-widget__width-inherit elementor-widget elementor-widget-heading\" data-id=\"58d571a\" data-element_type=\"widget\" data-widget_type=\"heading.default\">\n\t\t\t\t<div class=\"elementor-widget-container\">\n\t\t\t<h2 class=\"elementor-heading-title elementor-size-default\">Sorunsuz Sa\u011fl\u0131k Hizmetleri Lojistik Y\u00f6netimi<\/h2>\t\t<\/div>\n\t\t\t\t<\/div>\n\t\t\t\t<div class=\"elementor-element elementor-element-c09a36c elementor-widget elementor-widget-heading\" data-id=\"c09a36c\" data-element_type=\"widget\" data-widget_type=\"heading.default\">\n\t\t\t\t<div class=\"elementor-widget-container\">\n\t\t\t<h2 class=\"elementor-heading-title elementor-size-default\">Pandemi lojisti\u011finin ne kadar \u00f6nemli oldu\u011funun fark\u0131nday\u0131z. KAI sa\u011fl\u0131\u011f\u0131n\u0131za de\u011fer verir.\n<\/h2>\t\t<\/div>\n\t\t\t\t<\/div>\n\t\t\t\t<div class=\"elementor-element elementor-element-2d74aa7 elementor-icon-list--layout-traditional elementor-list-item-link-full_width elementor-widget elementor-widget-icon-list\" data-id=\"2d74aa7\" data-element_type=\"widget\" data-widget_type=\"icon-list.default\">\n\t\t\t\t<div class=\"elementor-widget-container\">\n\t\t\t<link rel=\"stylesheet\" href=\"https:\/\/kailogistics.com\/wp-content\/uploads\/elementor\/css\/custom-widget-icon-list.min.css?ver=1675805796\">\t\t<ul class=\"elementor-icon-list-items\">\n\t\t\t\t\t\t\t<li class=\"elementor-icon-list-item\">\n\t\t\t\t\t\t\t\t\t\t\t<span class=\"elementor-icon-list-icon\">\n\t\t\t\t\t\t\t<svg aria-hidden=\"true\" class=\"e-font-icon-svg e-fas-check-circle\" viewBox=\"0 0 512 512\" xmlns=\"http:\/\/www.w3.org\/2000\/svg\"><path d=\"M504 256c0 136.967-111.033 248-248 248S8 392.967 8 256 119.033 8 256 8s248 111.033 248 248zM227.314 387.314l184-184c6.248-6.248 6.248-16.379 0-22.627l-22.627-22.627c-6.248-6.249-16.379-6.249-22.628 0L216 308.118l-70.059-70.059c-6.248-6.248-16.379-6.248-22.628 0l-22.627 22.627c-6.248 6.248-6.248 16.379 0 22.627l104 104c6.249 6.249 16.379 6.249 22.628.001z\"><\/path><\/svg>\t\t\t\t\t\t<\/span>\n\t\t\t\t\t\t\t\t\t\t<span class=\"elementor-icon-list-text\">Sipari\u015f edilen her t\u00fcrl\u00fc sa\u011fl\u0131k \u00fcr\u00fcn\u00fc i\u00e7in zaman\u0131nda teslimat<\/span>\n\t\t\t\t\t\t\t\t\t<\/li>\n\t\t\t\t\t\t\t\t<li class=\"elementor-icon-list-item\">\n\t\t\t\t\t\t\t\t\t\t\t<span class=\"elementor-icon-list-icon\">\n\t\t\t\t\t\t\t<svg aria-hidden=\"true\" class=\"e-font-icon-svg e-fas-check-circle\" viewBox=\"0 0 512 512\" xmlns=\"http:\/\/www.w3.org\/2000\/svg\"><path d=\"M504 256c0 136.967-111.033 248-248 248S8 392.967 8 256 119.033 8 256 8s248 111.033 248 248zM227.314 387.314l184-184c6.248-6.248 6.248-16.379 0-22.627l-22.627-22.627c-6.248-6.249-16.379-6.249-22.628 0L216 308.118l-70.059-70.059c-6.248-6.248-16.379-6.248-22.628 0l-22.627 22.627c-6.248 6.248-6.248 16.379 0 22.627l104 104c6.249 6.249 16.379 6.249 22.628.001z\"><\/path><\/svg>\t\t\t\t\t\t<\/span>\n\t\t\t\t\t\t\t\t\t\t<span class=\"elementor-icon-list-text\">Farkl\u0131 ekipman t\u00fcrleri i\u00e7in uygun ve esnek \u00e7al\u0131\u015fma s\u00fcreci<\/span>\n\t\t\t\t\t\t\t\t\t<\/li>\n\t\t\t\t\t\t\t\t<li class=\"elementor-icon-list-item\">\n\t\t\t\t\t\t\t\t\t\t\t<span class=\"elementor-icon-list-icon\">\n\t\t\t\t\t\t\t<svg aria-hidden=\"true\" class=\"e-font-icon-svg e-fas-check-circle\" viewBox=\"0 0 512 512\" xmlns=\"http:\/\/www.w3.org\/2000\/svg\"><path d=\"M504 256c0 136.967-111.033 248-248 248S8 392.967 8 256 119.033 8 256 8s248 111.033 248 248zM227.314 387.314l184-184c6.248-6.248 6.248-16.379 0-22.627l-22.627-22.627c-6.248-6.249-16.379-6.249-22.628 0L216 308.118l-70.059-70.059c-6.248-6.248-16.379-6.248-22.628 0l-22.627 22.627c-6.248 6.248-6.248 16.379 0 22.627l104 104c6.249 6.249 16.379 6.249 22.628.001z\"><\/path><\/svg>\t\t\t\t\t\t<\/span>\n\t\t\t\t\t\t\t\t\t\t<span class=\"elementor-icon-list-text\">Yerel d\u00fczenlemeler i\u00e7in h\u0131zl\u0131 ve etkili \u00e7\u00f6z\u00fcmler<\/span>\n\t\t\t\t\t\t\t\t\t<\/li>\n\t\t\t\t\t\t\t\t<li class=\"elementor-icon-list-item\">\n\t\t\t\t\t\t\t\t\t\t\t<span class=\"elementor-icon-list-icon\">\n\t\t\t\t\t\t\t<svg aria-hidden=\"true\" class=\"e-font-icon-svg e-fas-check-circle\" viewBox=\"0 0 512 512\" xmlns=\"http:\/\/www.w3.org\/2000\/svg\"><path d=\"M504 256c0 136.967-111.033 248-248 248S8 392.967 8 256 119.033 8 256 8s248 111.033 248 248zM227.314 387.314l184-184c6.248-6.248 6.248-16.379 0-22.627l-22.627-22.627c-6.248-6.249-16.379-6.249-22.628 0L216 308.118l-70.059-70.059c-6.248-6.248-16.379-6.248-22.628 0l-22.627 22.627c-6.248 6.248-6.248 16.379 0 22.627l104 104c6.249 6.249 16.379 6.249 22.628.001z\"><\/path><\/svg>\t\t\t\t\t\t<\/span>\n\t\t\t\t\t\t\t\t\t\t<span class=\"elementor-icon-list-text\">Sa\u011fl\u0131k \u00fcr\u00fcnleri i\u00e7in zorunlu sertifikalar konusunda yard\u0131m<\/span>\n\t\t\t\t\t\t\t\t\t<\/li>\n\t\t\t\t\t\t\t\t<li class=\"elementor-icon-list-item\">\n\t\t\t\t\t\t\t\t\t\t\t<span class=\"elementor-icon-list-icon\">\n\t\t\t\t\t\t\t<svg aria-hidden=\"true\" class=\"e-font-icon-svg e-fas-check-circle\" viewBox=\"0 0 512 512\" xmlns=\"http:\/\/www.w3.org\/2000\/svg\"><path d=\"M504 256c0 136.967-111.033 248-248 248S8 392.967 8 256 119.033 8 256 8s248 111.033 248 248zM227.314 387.314l184-184c6.248-6.248 6.248-16.379 0-22.627l-22.627-22.627c-6.248-6.249-16.379-6.249-22.628 0L216 308.118l-70.059-70.059c-6.248-6.248-16.379-6.248-22.628 0l-22.627 22.627c-6.248 6.248-6.248 16.379 0 22.627l104 104c6.249 6.249 16.379 6.249 22.628.001z\"><\/path><\/svg>\t\t\t\t\t\t<\/span>\n\t\t\t\t\t\t\t\t\t\t<span class=\"elementor-icon-list-text\">Sat\u0131n alma, \u00fcretim ve nakliye s\u00fcrecinde entegre operasyon y\u00f6netimi<\/span>\n\t\t\t\t\t\t\t\t\t<\/li>\n\t\t\t\t\t\t\t\t<li class=\"elementor-icon-list-item\">\n\t\t\t\t\t\t\t\t\t\t\t<span class=\"elementor-icon-list-icon\">\n\t\t\t\t\t\t\t<svg aria-hidden=\"true\" class=\"e-font-icon-svg e-fas-check-circle\" viewBox=\"0 0 512 512\" xmlns=\"http:\/\/www.w3.org\/2000\/svg\"><path d=\"M504 256c0 136.967-111.033 248-248 248S8 392.967 8 256 119.033 8 256 8s248 111.033 248 248zM227.314 387.314l184-184c6.248-6.248 6.248-16.379 0-22.627l-22.627-22.627c-6.248-6.249-16.379-6.249-22.628 0L216 308.118l-70.059-70.059c-6.248-6.248-16.379-6.248-22.628 0l-22.627 22.627c-6.248 6.248-6.248 16.379 0 22.627l104 104c6.249 6.249 16.379 6.249 22.628.001z\"><\/path><\/svg>\t\t\t\t\t\t<\/span>\n\t\t\t\t\t\t\t\t\t\t<span class=\"elementor-icon-list-text\">\u00d6zel alan ve ekipman kullan\u0131labilirli\u011fi<\/span>\n\t\t\t\t\t\t\t\t\t<\/li>\n\t\t\t\t\t\t<\/ul>\n\t\t\t\t<\/div>\n\t\t\t\t<\/div>\n\t\t\t\t\t<\/div>\n\t\t<\/div>\n\t\t\t\t<div class=\"elementor-column elementor-col-50 elementor-top-column elementor-element elementor-element-0fb6911\" data-id=\"0fb6911\" data-element_type=\"column\">\n\t\t\t<div class=\"elementor-widget-wrap elementor-element-populated\">\n\t\t\t\t\t\t\t\t<div class=\"elementor-element elementor-element-a89eab9 elementor-widget elementor-widget-image\" data-id=\"a89eab9\" data-element_type=\"widget\" data-widget_type=\"image.default\">\n\t\t\t\t<div class=\"elementor-widget-container\">\n\t\t\t<style>\/*! elementor - v3.10.1 - 17-01-2023 *\/\n.elementor-widget-image{text-align:center}.elementor-widget-image a{display:inline-block}.elementor-widget-image a img[src$=\".svg\"]{width:48px}.elementor-widget-image img{vertical-align:middle;display:inline-block}<\/style>\t\t\t\t\t\t\t\t\t\t\t\t<img decoding=\"async\" width=\"2000\" height=\"1334\" src=\"https:\/\/kailogistics.com\/wp-content\/uploads\/2022\/12\/dreamstime_l_208910226.jpeg\" class=\"attachment-full size-full wp-image-3916\" alt=\"Healthcare Logistics\" loading=\"lazy\" srcset=\"https:\/\/kailogistics.com\/wp-content\/uploads\/2022\/12\/dreamstime_l_208910226.jpeg 2000w, https:\/\/kailogistics.com\/wp-content\/uploads\/2022\/12\/dreamstime_l_208910226-300x200.jpeg 300w, https:\/\/kailogistics.com\/wp-content\/uploads\/2022\/12\/dreamstime_l_208910226-1024x683.jpeg 1024w, https:\/\/kailogistics.com\/wp-content\/uploads\/2022\/12\/dreamstime_l_208910226-768x512.jpeg 768w, https:\/\/kailogistics.com\/wp-content\/uploads\/2022\/12\/dreamstime_l_208910226-1536x1025.jpeg 1536w\" sizes=\"(max-width: 2000px) 100vw, 2000px\" \/>\t\t\t\t\t\t\t\t\t\t\t\t\t\t\t<\/div>\n\t\t\t\t<\/div>\n\t\t\t\t\t<\/div>\n\t\t<\/div>\n\t\t\t\t\t\t\t<\/div>\n\t\t<\/section>\n\t\t\t\t<section class=\"elementor-section elementor-top-section elementor-element elementor-element-e52c97f elementor-section-boxed elementor-section-height-default elementor-section-height-default\" data-id=\"e52c97f\" data-element_type=\"section\" data-settings=\"{&quot;background_background&quot;:&quot;classic&quot;}\">\n\t\t\t\t\t\t\t<div class=\"elementor-background-overlay\"><\/div>\n\t\t\t\t\t\t\t<div class=\"elementor-container elementor-column-gap-default\">\n\t\t\t\t\t<div class=\"elementor-column elementor-col-100 elementor-top-column elementor-element elementor-element-1e1e29c\" data-id=\"1e1e29c\" data-element_type=\"column\">\n\t\t\t<div class=\"elementor-widget-wrap elementor-element-populated\">\n\t\t\t\t\t\t\t\t<div class=\"elementor-element elementor-element-17c42fd elementor-widget__width-inherit elementor-widget elementor-widget-heading\" data-id=\"17c42fd\" data-element_type=\"widget\" data-widget_type=\"heading.default\">\n\t\t\t\t<div class=\"elementor-widget-container\">\n\t\t\t<h2 class=\"elementor-heading-title elementor-size-default\">Sa\u011fl\u0131k ta\u015f\u0131mac\u0131l\u0131\u011f\u0131n\u0131n lojistikteki yerinin \u00f6nemi ve fark edilebilirli\u011fi \u00f6zellikle son y\u0131llard\u0131r artm\u0131\u015ft\u0131r. <\/h2>\t\t<\/div>\n\t\t\t\t<\/div>\n\t\t\t\t\t<\/div>\n\t\t<\/div>\n\t\t\t\t\t\t\t<\/div>\n\t\t<\/section>\n\t\t\t\t<section class=\"elementor-section elementor-top-section elementor-element elementor-element-7db48f0 elementor-section-content-middle elementor-section-boxed elementor-section-height-default elementor-section-height-default\" data-id=\"7db48f0\" data-element_type=\"section\" data-settings=\"{&quot;background_background&quot;:&quot;classic&quot;}\">\n\t\t\t\t\t\t\t<div class=\"elementor-background-overlay\"><\/div>\n\t\t\t\t\t\t\t<div class=\"elementor-container elementor-column-gap-default\">\n\t\t\t\t\t<div class=\"elementor-column elementor-col-100 elementor-top-column elementor-element elementor-element-f1c34ac\" data-id=\"f1c34ac\" data-element_type=\"column\">\n\t\t\t<div class=\"elementor-widget-wrap elementor-element-populated\">\n\t\t\t\t\t\t\t\t<section class=\"elementor-section elementor-inner-section elementor-element elementor-element-b684887 elementor-section-full_width elementor-section-height-default elementor-section-height-default\" data-id=\"b684887\" data-element_type=\"section\">\n\t\t\t\t\t\t<div class=\"elementor-container elementor-column-gap-default\">\n\t\t\t\t\t<div class=\"elementor-column elementor-col-100 elementor-inner-column elementor-element elementor-element-88d5b39\" data-id=\"88d5b39\" data-element_type=\"column\">\n\t\t\t<div class=\"elementor-widget-wrap elementor-element-populated\">\n\t\t\t\t\t\t\t\t<div class=\"elementor-element elementor-element-6568bc3 elementor-widget__width-inherit elementor-widget elementor-widget-heading\" data-id=\"6568bc3\" data-element_type=\"widget\" data-widget_type=\"heading.default\">\n\t\t\t\t<div class=\"elementor-widget-container\">\n\t\t\t<h2 class=\"elementor-heading-title elementor-size-default\">Sa\u011fl\u0131k Ta\u015f\u0131mac\u0131l\u0131\u011f\u0131nda Lojisti\u011fin Rol\u00fc<\/h2>\t\t<\/div>\n\t\t\t\t<\/div>\n\t\t\t\t<div class=\"elementor-element elementor-element-d1bf9fa elementor-widget elementor-widget-heading\" data-id=\"d1bf9fa\" data-element_type=\"widget\" data-widget_type=\"heading.default\">\n\t\t\t\t<div class=\"elementor-widget-container\">\n\t\t\t<h2 class=\"elementor-heading-title elementor-size-default\">Sa\u011fl\u0131k ta\u015f\u0131mac\u0131l\u0131\u011f\u0131 lojisti\u011fin alt dallar\u0131 aras\u0131ndad\u0131r. Sa\u011fl\u0131k ta\u015f\u0131mac\u0131l\u0131\u011f\u0131nda lojistik y\u00f6netiminin do\u011fru ve planl\u0131 bir \u015fekilde ger\u00e7ekle\u015ftirilmesi \u00f6nemli bir konudur.<br><br>\nSa\u011fl\u0131k ta\u015f\u0131mac\u0131l\u0131\u011f\u0131nda; ila\u00e7 ta\u015f\u0131mac\u0131l\u0131\u011f\u0131, hastane malzemeleri, organ ta\u015f\u0131mac\u0131l\u0131\u011f\u0131 gibi bir\u00e7ok medikal \u00fcr\u00fcn ve hizmet ta\u015f\u0131mac\u0131l\u0131\u011f\u0131n\u0131 ele alabiliriz. Bir neslin devaml\u0131l\u0131\u011f\u0131n\u0131 sa\u011flayabilmesi ad\u0131na \u00e7ok \u00f6nemli olan bu ta\u015f\u0131mac\u0131l\u0131k Sa\u011fl\u0131k Bakanl\u0131\u011f\u0131n\u0131n kontrol\u00fc alt\u0131nda ger\u00e7ekle\u015fmektedir. Sa\u011fl\u0131k bakanl\u0131\u011f\u0131n\u0131n denetim ve kontrol\u00fc alt\u0131nda \u00fcretim, ambalajlama, depolama ve da\u011f\u0131t\u0131m gibi lojistik faaliyet s\u00fcrecinin tamam\u0131n\u0131 kapsamaktad\u0131r. \u00c7ok hassas olunmas\u0131 gereken bu ta\u015f\u0131mac\u0131l\u0131kta t\u00fcm s\u00fcre\u00e7 titizlikle ve y\u00f6netmelik kurallar\u0131na uygun olarak y\u00fcr\u00fct\u00fclmelidir.<br><br>\n<b>Sa\u011fl\u0131k ta\u015f\u0131mac\u0131l\u0131\u011f\u0131nda \u00f6nemli olan 4 fakt\u00f6r vard\u0131r. H\u0131z, \u00f6nem, do\u011fru malzeme ve do\u011fru yerdir.<br><\/b>\nBu ta\u015f\u0131mac\u0131l\u0131kta malzemenin \u00f6nemi ve teslimat s\u00fcresi asl\u0131nda t\u00fcm s\u00fcreci belirlemektedir. Malzemelerin korunmas\u0131na ve bozulmamas\u0131na uygun bir ortamda gerekli \u0131s\u0131 kontrol\u00fc sa\u011flanarak depolanmal\u0131d\u0131r. Teknoloji ile de entegre olarak depolama sa\u011flanmal\u0131d\u0131r. Malzemenin depolanma ko\u015fullar\u0131ndan sonra bir di\u011fer \u00f6nemli fakt\u00f6r ise ta\u015f\u0131nan malzemenin bulundu\u011fu alan\u0131n \u0131s\u0131 ko\u015fullar\u0131 ve temizli\u011fi buna uygun olmal\u0131d\u0131r. <br><br>Bu y\u00fczden de sa\u011fl\u0131k ta\u015f\u0131mac\u0131l\u0131\u011f\u0131nda frigo ta\u015f\u0131mac\u0131l\u0131k \u00f6n plandad\u0131r. Frigo ta\u015f\u0131mac\u0131l\u0131k \u0131s\u0131 kontrol\u00fc gerektiren malzemenin kimyas\u0131n\u0131n bozulmamas\u0131 i\u00e7in gerekli \u0131s\u0131 kontrol\u00fc ve ara\u00e7 donat\u0131m\u0131 ile ta\u015f\u0131nmas\u0131d\u0131r. \u00d6zellikle koruma gereken, k\u0131r\u0131lma ve da\u011f\u0131lma riski olan malzemeler i\u00e7in gerekli \u00f6nlemler al\u0131nmal\u0131d\u0131r. Sadece medikal malzemeler i\u00e7in de\u011fil t\u0131bbi at\u0131klar i\u00e7inde lojistik ve ta\u015f\u0131mac\u0131l\u0131\u011f\u0131n yeri \u00f6nemlidir. T\u0131bbi at\u0131klar\u0131n hastanelerden g\u00f6zetim ve kontrol ile birlikte e\u011fitim alm\u0131\u015f ki\u015filer taraf\u0131ndan ta\u015f\u0131n\u0131p malzemeler ve canl\u0131lar ile direkt temas\u0131 engellenip yok edilmelidir. Sonras\u0131nda ise ta\u015f\u0131ma arac\u0131n\u0131n temizli\u011fi sa\u011flanarak kal\u0131nt\u0131 b\u0131rak\u0131lmamas\u0131na \u00f6zen g\u00f6sterilmelidir.<br><br>\nDepolama ve ta\u015f\u0131ma arac\u0131 gibi \u00f6nemli fakt\u00f6rlerle beraber insan fakt\u00f6r\u00fc gerektiren durumlarda g\u00f6revli ki\u015filerin buna uygun \u015fekilde e\u011fitimler almas\u0131 gerekmektedir. Sa\u011fl\u0131k ta\u015f\u0131mac\u0131l\u0131\u011f\u0131nda g\u00fcmr\u00fck i\u015flemleri de bir o kadar \u00f6nemlidir. Uluslararas\u0131 bir ta\u015f\u0131mac\u0131l\u0131k yap\u0131lacak ise \u00fclkelerin prosed\u00fcrlerine uygun belgeler d\u00fczenlenip buna dair s\u00f6zle\u015fmeler imzalanmal\u0131d\u0131r. T\u00fcrkiye\u2019de bu konu ile ilgili kolayla\u015ft\u0131r\u0131c\u0131 y\u00f6netmelikler vard\u0131r. Bunlardan biri de malzemelerin t\u00fcm belge ve \u00f6deme i\u015flemleri g\u00fcmr\u00fc\u011fe gelmeden \u00f6nce halledilebiliyor olmas\u0131d\u0131r. <br><br><b>H\u0131z ve zaman\u0131n \u00f6nemli oldu\u011fu bu ta\u015f\u0131mac\u0131l\u0131k i\u00e7in olduk\u00e7a \u00f6nemli bir y\u00f6netmeliktir.<br><\/b><br>\nSa\u011fl\u0131k ta\u015f\u0131mac\u0131l\u0131\u011f\u0131n\u0131n teknoloji ve gerekli y\u00f6netmelikler ile birlikte y\u00fcr\u00fct\u00fclmesi gerekmektedir. Depolarda bulunan sa\u011fl\u0131k malzemelerin de RFID etiketi bulundurulmal\u0131d\u0131r. Acil ve \u00f6nem arz eden durumlarda RFID etiketleri malzemenin kimli\u011fi, envanter kontrol\u00fc ve \u00fcr\u00fcn takibi sa\u011flayarak s\u00fcrecin s\u00fcrd\u00fcr\u00fclebilirli\u011fi ve tedari\u011fi kolayl\u0131kla y\u00f6netmektedir.<br><br>\nBahsetti\u011fim t\u00fcm s\u00fcre\u00e7lerin dikkat ve titizlik ile y\u00f6netilmesi ve etkin bir planlama ile tedarik s\u00fcresinin azalt\u0131lmas\u0131 ile zamandan tasarruf edilir. B\u00f6ylelikle lojisti\u011fin \u00f6nemli bile\u015fenlerinden biri olan d\u00fc\u015f\u00fck maliyetli fakat do\u011fru ve g\u00fcvenli bir hizmet sa\u011flanm\u0131\u015f olur.<\/h2>\t\t<\/div>\n\t\t\t\t<\/div>\n\t\t\t\t\t<\/div>\n\t\t<\/div>\n\t\t\t\t\t\t\t<\/div>\n\t\t<\/section>\n\t\t\t\t\t<\/div>\n\t\t<\/div>\n\t\t\t\t\t\t\t<\/div>\n\t\t<\/section>\n\t\t\t\t\t\t\t<\/div>\n\t\t","protected":false},"excerpt":{"rendered":"<p>Sa\u011fl\u0131k &amp; Medikal \u00c7\u00f6z\u00fcmler \u0130ster \u00f6zel nakliye gereksinimleri olan bir a\u015f\u0131 \u00fcreticisi, ister y\u00fcksek teknolojili, y\u00fcksek de\u011ferli bir t\u0131bbi cihaz \u00fcreticisi olun, yolculu\u011fun her ad\u0131m\u0131nda size yard\u0131mc\u0131 olaca\u011f\u0131m\u0131z konusunda bize g\u00fcvenebilirsiniz. Sorunsuz Sa\u011fl\u0131k Hizmetleri Lojistik Y\u00f6netimi Pandemi lojisti\u011finin ne kadar \u00f6nemli oldu\u011funun fark\u0131nday\u0131z. KAI sa\u011fl\u0131\u011f\u0131n\u0131za de\u011fer verir. &nbsp; Sipari\u015f edilen her t\u00fcrl\u00fc sa\u011fl\u0131k \u00fcr\u00fcn\u00fc i\u00e7in [&hellip;]<\/p>\n","protected":false},"author":1,"featured_media":7849,"parent":0,"menu_order":0,"comment_status":"closed","ping_status":"closed","template":"elementor_header_footer","meta":[],"_links":{"self":[{"href":"https:\/\/kailogistics.com\/tr\/wp-json\/wp\/v2\/pages\/8007"}],"collection":[{"href":"https:\/\/kailogistics.com\/tr\/wp-json\/wp\/v2\/pages"}],"about":[{"href":"https:\/\/kailogistics.com\/tr\/wp-json\/wp\/v2\/types\/page"}],"author":[{"embeddable":true,"href":"https:\/\/kailogistics.com\/tr\/wp-json\/wp\/v2\/users\/1"}],"replies":[{"embeddable":true,"href":"https:\/\/kailogistics.com\/tr\/wp-json\/wp\/v2\/comments?post=8007"}],"version-history":[{"count":2,"href":"https:\/\/kailogistics.com\/tr\/wp-json\/wp\/v2\/pages\/8007\/revisions"}],"predecessor-version":[{"id":8682,"href":"https:\/\/kailogistics.com\/tr\/wp-json\/wp\/v2\/pages\/8007\/revisions\/8682"}],"wp:featuredmedia":[{"embeddable":true,"href":"https:\/\/kailogistics.com\/tr\/wp-json\/wp\/v2\/media\/7849"}],"wp:attachment":[{"href":"https:\/\/kailogistics.com\/tr\/wp-json\/wp\/v2\/media?parent=8007"}],"curies":[{"name":"wp","href":"https:\/\/api.w.org\/{rel}","templated":true}]}}