{"id":8004,"date":"2022-12-18T02:15:59","date_gmt":"2022-12-18T02:15:59","guid":{"rendered":"https:\/\/kailogistics.com\/end-to-end-logistics-solutions\/"},"modified":"2023-02-13T13:20:09","modified_gmt":"2023-02-13T13:20:09","slug":"uctan-uca-lojistik-cozumleri","status":"publish","type":"page","link":"https:\/\/kailogistics.com\/tr\/uctan-uca-lojistik-cozumleri\/","title":{"rendered":"U\u00e7tan Uca Lojistik \u00c7\u00f6z\u00fcmleri"},"content":{"rendered":"\t\t<div data-elementor-type=\"wp-page\" data-elementor-id=\"8004\" class=\"elementor elementor-8004 elementor-3896\">\n\t\t\t\t\t\t\t\t\t<section class=\"elementor-section elementor-top-section elementor-element elementor-element-20a0775 elementor-section-boxed elementor-section-height-default elementor-section-height-default\" data-id=\"20a0775\" data-element_type=\"section\" data-settings=\"{&quot;background_background&quot;:&quot;classic&quot;}\">\n\t\t\t\t\t\t\t<div class=\"elementor-background-overlay\"><\/div>\n\t\t\t\t\t\t\t<div class=\"elementor-container elementor-column-gap-default\">\n\t\t\t\t\t<div class=\"elementor-column elementor-col-50 elementor-top-column elementor-element elementor-element-03a342e\" data-id=\"03a342e\" data-element_type=\"column\">\n\t\t\t<div class=\"elementor-widget-wrap elementor-element-populated\">\n\t\t\t\t\t\t\t\t<div class=\"elementor-element elementor-element-e02263b elementor-widget__width-inherit elementor-widget elementor-widget-heading\" data-id=\"e02263b\" data-element_type=\"widget\" data-widget_type=\"heading.default\">\n\t\t\t\t<div class=\"elementor-widget-container\">\n\t\t\t<style>\/*! elementor - v3.10.1 - 17-01-2023 *\/\n.elementor-heading-title{padding:0;margin:0;line-height:1}.elementor-widget-heading .elementor-heading-title[class*=elementor-size-]>a{color:inherit;font-size:inherit;line-height:inherit}.elementor-widget-heading .elementor-heading-title.elementor-size-small{font-size:15px}.elementor-widget-heading .elementor-heading-title.elementor-size-medium{font-size:19px}.elementor-widget-heading .elementor-heading-title.elementor-size-large{font-size:29px}.elementor-widget-heading .elementor-heading-title.elementor-size-xl{font-size:39px}.elementor-widget-heading .elementor-heading-title.elementor-size-xxl{font-size:59px}<\/style><h1 class=\"elementor-heading-title elementor-size-default\">U\u00e7tan Uca Lojistik \u00c7\u00f6z\u00fcmleri<\/h1>\t\t<\/div>\n\t\t\t\t<\/div>\n\t\t\t\t<div class=\"elementor-element elementor-element-deb1dca elementor-widget-divider--view-line elementor-widget elementor-widget-divider\" data-id=\"deb1dca\" data-element_type=\"widget\" data-widget_type=\"divider.default\">\n\t\t\t\t<div class=\"elementor-widget-container\">\n\t\t\t<style>\/*! elementor - v3.10.1 - 17-01-2023 *\/\n.elementor-widget-divider{--divider-border-style:none;--divider-border-width:1px;--divider-color:#2c2c2c;--divider-icon-size:20px;--divider-element-spacing:10px;--divider-pattern-height:24px;--divider-pattern-size:20px;--divider-pattern-url:none;--divider-pattern-repeat:repeat-x}.elementor-widget-divider .elementor-divider{display:flex}.elementor-widget-divider .elementor-divider__text{font-size:15px;line-height:1;max-width:95%}.elementor-widget-divider .elementor-divider__element{margin:0 var(--divider-element-spacing);flex-shrink:0}.elementor-widget-divider .elementor-icon{font-size:var(--divider-icon-size)}.elementor-widget-divider .elementor-divider-separator{display:flex;margin:0;direction:ltr}.elementor-widget-divider--view-line_icon .elementor-divider-separator,.elementor-widget-divider--view-line_text .elementor-divider-separator{align-items:center}.elementor-widget-divider--view-line_icon .elementor-divider-separator:after,.elementor-widget-divider--view-line_icon .elementor-divider-separator:before,.elementor-widget-divider--view-line_text .elementor-divider-separator:after,.elementor-widget-divider--view-line_text .elementor-divider-separator:before{display:block;content:\"\";border-bottom:0;flex-grow:1;border-top:var(--divider-border-width) var(--divider-border-style) var(--divider-color)}.elementor-widget-divider--element-align-left .elementor-divider .elementor-divider-separator>.elementor-divider__svg:first-of-type{flex-grow:0;flex-shrink:100}.elementor-widget-divider--element-align-left .elementor-divider-separator:before{content:none}.elementor-widget-divider--element-align-left .elementor-divider__element{margin-left:0}.elementor-widget-divider--element-align-right .elementor-divider .elementor-divider-separator>.elementor-divider__svg:last-of-type{flex-grow:0;flex-shrink:100}.elementor-widget-divider--element-align-right .elementor-divider-separator:after{content:none}.elementor-widget-divider--element-align-right .elementor-divider__element{margin-right:0}.elementor-widget-divider:not(.elementor-widget-divider--view-line_text):not(.elementor-widget-divider--view-line_icon) .elementor-divider-separator{border-top:var(--divider-border-width) var(--divider-border-style) var(--divider-color)}.elementor-widget-divider--separator-type-pattern{--divider-border-style:none}.elementor-widget-divider--separator-type-pattern.elementor-widget-divider--view-line .elementor-divider-separator,.elementor-widget-divider--separator-type-pattern:not(.elementor-widget-divider--view-line) .elementor-divider-separator:after,.elementor-widget-divider--separator-type-pattern:not(.elementor-widget-divider--view-line) .elementor-divider-separator:before,.elementor-widget-divider--separator-type-pattern:not([class*=elementor-widget-divider--view]) .elementor-divider-separator{width:100%;min-height:var(--divider-pattern-height);-webkit-mask-size:var(--divider-pattern-size) 100%;mask-size:var(--divider-pattern-size) 100%;-webkit-mask-repeat:var(--divider-pattern-repeat);mask-repeat:var(--divider-pattern-repeat);background-color:var(--divider-color);-webkit-mask-image:var(--divider-pattern-url);mask-image:var(--divider-pattern-url)}.elementor-widget-divider--no-spacing{--divider-pattern-size:auto}.elementor-widget-divider--bg-round{--divider-pattern-repeat:round}.rtl .elementor-widget-divider .elementor-divider__text{direction:rtl}.e-con-inner>.elementor-widget-divider,.e-con>.elementor-widget-divider{width:var(--container-widget-width);--flex-grow:var(--container-widget-flex-grow)}<\/style>\t\t<div class=\"elementor-divider\">\n\t\t\t<span class=\"elementor-divider-separator\">\n\t\t\t\t\t\t<\/span>\n\t\t<\/div>\n\t\t\t\t<\/div>\n\t\t\t\t<\/div>\n\t\t\t\t<div class=\"elementor-element elementor-element-f7dc094 elementor-widget elementor-widget-heading\" data-id=\"f7dc094\" data-element_type=\"widget\" data-widget_type=\"heading.default\">\n\t\t\t\t<div class=\"elementor-widget-container\">\n\t\t\t<h2 class=\"elementor-heading-title elementor-size-default\">U\u00e7tan uca lojistik, tedarik da\u011f\u0131t\u0131m, nakliye, m\u00fc\u015fteriye teslimat ve iade lojisti\u011fi ile biten t\u00fcm lojistik d\u00f6ng\u00fcs\u00fcn\u00fc kapsad\u0131\u011f\u0131ndan, daha az endi\u015fe anlam\u0131na gelir.<\/h2>\t\t<\/div>\n\t\t\t\t<\/div>\n\t\t\t\t\t<\/div>\n\t\t<\/div>\n\t\t\t\t<div class=\"elementor-column elementor-col-50 elementor-top-column elementor-element elementor-element-3139903\" data-id=\"3139903\" data-element_type=\"column\">\n\t\t\t<div class=\"elementor-widget-wrap\">\n\t\t\t\t\t\t\t\t\t<\/div>\n\t\t<\/div>\n\t\t\t\t\t\t\t<\/div>\n\t\t<\/section>\n\t\t\t\t<section class=\"elementor-section elementor-top-section elementor-element elementor-element-b5cf448 elementor-section-content-middle elementor-section-boxed elementor-section-height-default elementor-section-height-default\" data-id=\"b5cf448\" data-element_type=\"section\" data-settings=\"{&quot;background_background&quot;:&quot;classic&quot;}\">\n\t\t\t\t\t\t<div class=\"elementor-container elementor-column-gap-default\">\n\t\t\t\t\t<div class=\"elementor-column elementor-col-50 elementor-top-column elementor-element elementor-element-2cde27d\" data-id=\"2cde27d\" data-element_type=\"column\">\n\t\t\t<div class=\"elementor-widget-wrap elementor-element-populated\">\n\t\t\t\t\t\t\t\t<div class=\"elementor-element elementor-element-58d571a elementor-widget__width-inherit elementor-widget elementor-widget-heading\" data-id=\"58d571a\" data-element_type=\"widget\" data-widget_type=\"heading.default\">\n\t\t\t\t<div class=\"elementor-widget-container\">\n\t\t\t<h2 class=\"elementor-heading-title elementor-size-default\">U\u00e7tan Uca Lojistik \u0130\u015fletmeler \u0130\u00e7in Daha Az Sorun Demektir<\/h2>\t\t<\/div>\n\t\t\t\t<\/div>\n\t\t\t\t<div class=\"elementor-element elementor-element-c09a36c elementor-widget elementor-widget-heading\" data-id=\"c09a36c\" data-element_type=\"widget\" data-widget_type=\"heading.default\">\n\t\t\t\t<div class=\"elementor-widget-container\">\n\t\t\t<h2 class=\"elementor-heading-title elementor-size-default\">Kap\u0131dan Kap\u0131ya \u00c7\u00f6z\u00fcmler \/ Depolama - Teslim Alma - Son Teslimat\n<\/h2>\t\t<\/div>\n\t\t\t\t<\/div>\n\t\t\t\t<div class=\"elementor-element elementor-element-2d74aa7 elementor-icon-list--layout-traditional elementor-list-item-link-full_width elementor-widget elementor-widget-icon-list\" data-id=\"2d74aa7\" data-element_type=\"widget\" data-widget_type=\"icon-list.default\">\n\t\t\t\t<div class=\"elementor-widget-container\">\n\t\t\t<link rel=\"stylesheet\" href=\"https:\/\/kailogistics.com\/wp-content\/uploads\/elementor\/css\/custom-widget-icon-list.min.css?ver=1675805796\">\t\t<ul class=\"elementor-icon-list-items\">\n\t\t\t\t\t\t\t<li class=\"elementor-icon-list-item\">\n\t\t\t\t\t\t\t\t\t\t\t<span class=\"elementor-icon-list-icon\">\n\t\t\t\t\t\t\t<svg aria-hidden=\"true\" class=\"e-font-icon-svg e-fas-check-circle\" viewBox=\"0 0 512 512\" xmlns=\"http:\/\/www.w3.org\/2000\/svg\"><path d=\"M504 256c0 136.967-111.033 248-248 248S8 392.967 8 256 119.033 8 256 8s248 111.033 248 248zM227.314 387.314l184-184c6.248-6.248 6.248-16.379 0-22.627l-22.627-22.627c-6.248-6.249-16.379-6.249-22.628 0L216 308.118l-70.059-70.059c-6.248-6.248-16.379-6.248-22.628 0l-22.627 22.627c-6.248 6.248-6.248 16.379 0 22.627l104 104c6.249 6.249 16.379 6.249 22.628.001z\"><\/path><\/svg>\t\t\t\t\t\t<\/span>\n\t\t\t\t\t\t\t\t\t\t<span class=\"elementor-icon-list-text\">Sadece \u00fcr\u00fcnlerinize odaklanman\u0131z\u0131 ve gerisini bize b\u0131rakman\u0131z\u0131 \u00f6neriyoruz <\/span>\n\t\t\t\t\t\t\t\t\t<\/li>\n\t\t\t\t\t\t\t\t<li class=\"elementor-icon-list-item\">\n\t\t\t\t\t\t\t\t\t\t\t<span class=\"elementor-icon-list-icon\">\n\t\t\t\t\t\t\t<svg aria-hidden=\"true\" class=\"e-font-icon-svg e-fas-check-circle\" viewBox=\"0 0 512 512\" xmlns=\"http:\/\/www.w3.org\/2000\/svg\"><path d=\"M504 256c0 136.967-111.033 248-248 248S8 392.967 8 256 119.033 8 256 8s248 111.033 248 248zM227.314 387.314l184-184c6.248-6.248 6.248-16.379 0-22.627l-22.627-22.627c-6.248-6.249-16.379-6.249-22.628 0L216 308.118l-70.059-70.059c-6.248-6.248-16.379-6.248-22.628 0l-22.627 22.627c-6.248 6.248-6.248 16.379 0 22.627l104 104c6.249 6.249 16.379 6.249 22.628.001z\"><\/path><\/svg>\t\t\t\t\t\t<\/span>\n\t\t\t\t\t\t\t\t\t\t<span class=\"elementor-icon-list-text\">\u00d6zel depo anla\u015fmalar\u0131 sayesinde kargonuzu g\u00fcvenli bir \u015fekilde depolar\u0131z<\/span>\n\t\t\t\t\t\t\t\t\t<\/li>\n\t\t\t\t\t\t\t\t<li class=\"elementor-icon-list-item\">\n\t\t\t\t\t\t\t\t\t\t\t<span class=\"elementor-icon-list-icon\">\n\t\t\t\t\t\t\t<svg aria-hidden=\"true\" class=\"e-font-icon-svg e-fas-check-circle\" viewBox=\"0 0 512 512\" xmlns=\"http:\/\/www.w3.org\/2000\/svg\"><path d=\"M504 256c0 136.967-111.033 248-248 248S8 392.967 8 256 119.033 8 256 8s248 111.033 248 248zM227.314 387.314l184-184c6.248-6.248 6.248-16.379 0-22.627l-22.627-22.627c-6.248-6.249-16.379-6.249-22.628 0L216 308.118l-70.059-70.059c-6.248-6.248-16.379-6.248-22.628 0l-22.627 22.627c-6.248 6.248-6.248 16.379 0 22.627l104 104c6.249 6.249 16.379 6.249 22.628.001z\"><\/path><\/svg>\t\t\t\t\t\t<\/span>\n\t\t\t\t\t\t\t\t\t\t<span class=\"elementor-icon-list-text\">Yurtd\u0131\u015f\u0131 ortaklar\u0131m\u0131z da t\u0131pk\u0131 bizim gibi profesyonel<\/span>\n\t\t\t\t\t\t\t\t\t<\/li>\n\t\t\t\t\t\t\t\t<li class=\"elementor-icon-list-item\">\n\t\t\t\t\t\t\t\t\t\t\t<span class=\"elementor-icon-list-icon\">\n\t\t\t\t\t\t\t<svg aria-hidden=\"true\" class=\"e-font-icon-svg e-fas-check-circle\" viewBox=\"0 0 512 512\" xmlns=\"http:\/\/www.w3.org\/2000\/svg\"><path d=\"M504 256c0 136.967-111.033 248-248 248S8 392.967 8 256 119.033 8 256 8s248 111.033 248 248zM227.314 387.314l184-184c6.248-6.248 6.248-16.379 0-22.627l-22.627-22.627c-6.248-6.249-16.379-6.249-22.628 0L216 308.118l-70.059-70.059c-6.248-6.248-16.379-6.248-22.628 0l-22.627 22.627c-6.248 6.248-6.248 16.379 0 22.627l104 104c6.249 6.249 16.379 6.249 22.628.001z\"><\/path><\/svg>\t\t\t\t\t\t<\/span>\n\t\t\t\t\t\t\t\t\t\t<span class=\"elementor-icon-list-text\">Genel sigorta poli\u00e7emizin detaylar\u0131n\u0131 \u00f6\u011frenmek i\u00e7in l\u00fctfen uzmanlar\u0131m\u0131zla ileti\u015fimde kal\u0131n<\/span>\n\t\t\t\t\t\t\t\t\t<\/li>\n\t\t\t\t\t\t\t\t<li class=\"elementor-icon-list-item\">\n\t\t\t\t\t\t\t\t\t\t\t<span class=\"elementor-icon-list-icon\">\n\t\t\t\t\t\t\t<svg aria-hidden=\"true\" class=\"e-font-icon-svg e-fas-check-circle\" viewBox=\"0 0 512 512\" xmlns=\"http:\/\/www.w3.org\/2000\/svg\"><path d=\"M504 256c0 136.967-111.033 248-248 248S8 392.967 8 256 119.033 8 256 8s248 111.033 248 248zM227.314 387.314l184-184c6.248-6.248 6.248-16.379 0-22.627l-22.627-22.627c-6.248-6.249-16.379-6.249-22.628 0L216 308.118l-70.059-70.059c-6.248-6.248-16.379-6.248-22.628 0l-22.627 22.627c-6.248 6.248-6.248 16.379 0 22.627l104 104c6.249 6.249 16.379 6.249 22.628.001z\"><\/path><\/svg>\t\t\t\t\t\t<\/span>\n\t\t\t\t\t\t\t\t\t\t<span class=\"elementor-icon-list-text\">Sadece rahatlay\u0131n ve biz zilinizi \u00e7alana kadar kap\u0131dan kap\u0131ya hizmetimizin keyfini \u00e7\u0131kar\u0131n <\/span>\n\t\t\t\t\t\t\t\t\t<\/li>\n\t\t\t\t\t\t\t\t<li class=\"elementor-icon-list-item\">\n\t\t\t\t\t\t\t\t\t\t\t<span class=\"elementor-icon-list-icon\">\n\t\t\t\t\t\t\t<svg aria-hidden=\"true\" class=\"e-font-icon-svg e-fas-check-circle\" viewBox=\"0 0 512 512\" xmlns=\"http:\/\/www.w3.org\/2000\/svg\"><path d=\"M504 256c0 136.967-111.033 248-248 248S8 392.967 8 256 119.033 8 256 8s248 111.033 248 248zM227.314 387.314l184-184c6.248-6.248 6.248-16.379 0-22.627l-22.627-22.627c-6.248-6.249-16.379-6.249-22.628 0L216 308.118l-70.059-70.059c-6.248-6.248-16.379-6.248-22.628 0l-22.627 22.627c-6.248 6.248-6.248 16.379 0 22.627l104 104c6.249 6.249 16.379 6.249 22.628.001z\"><\/path><\/svg>\t\t\t\t\t\t<\/span>\n\t\t\t\t\t\t\t\t\t\t<span class=\"elementor-icon-list-text\">G\u00fcvenlik birinci \u00f6nceli\u011fimizdir, operasyonlar\u0131m\u0131za SHEQ standartlar\u0131n\u0131 kullan\u0131yoruz<\/span>\n\t\t\t\t\t\t\t\t\t<\/li>\n\t\t\t\t\t\t<\/ul>\n\t\t\t\t<\/div>\n\t\t\t\t<\/div>\n\t\t\t\t\t<\/div>\n\t\t<\/div>\n\t\t\t\t<div class=\"elementor-column elementor-col-50 elementor-top-column elementor-element elementor-element-0fb6911\" data-id=\"0fb6911\" data-element_type=\"column\">\n\t\t\t<div class=\"elementor-widget-wrap elementor-element-populated\">\n\t\t\t\t\t\t\t\t<div class=\"elementor-element elementor-element-a89eab9 elementor-widget elementor-widget-image\" data-id=\"a89eab9\" data-element_type=\"widget\" data-widget_type=\"image.default\">\n\t\t\t\t<div class=\"elementor-widget-container\">\n\t\t\t<style>\/*! elementor - v3.10.1 - 17-01-2023 *\/\n.elementor-widget-image{text-align:center}.elementor-widget-image a{display:inline-block}.elementor-widget-image a img[src$=\".svg\"]{width:48px}.elementor-widget-image img{vertical-align:middle;display:inline-block}<\/style>\t\t\t\t\t\t\t\t\t\t\t\t<img decoding=\"async\" width=\"1000\" height=\"1329\" src=\"https:\/\/kailogistics.com\/wp-content\/uploads\/2022\/12\/elevate-dI-aXC7DWpQ-unsplash.jpeg\" class=\"attachment-full size-full wp-image-3909\" alt=\"End-to-End Logistics Solutions\" loading=\"lazy\" srcset=\"https:\/\/kailogistics.com\/wp-content\/uploads\/2022\/12\/elevate-dI-aXC7DWpQ-unsplash.jpeg 1000w, https:\/\/kailogistics.com\/wp-content\/uploads\/2022\/12\/elevate-dI-aXC7DWpQ-unsplash-226x300.jpeg 226w, https:\/\/kailogistics.com\/wp-content\/uploads\/2022\/12\/elevate-dI-aXC7DWpQ-unsplash-771x1024.jpeg 771w, https:\/\/kailogistics.com\/wp-content\/uploads\/2022\/12\/elevate-dI-aXC7DWpQ-unsplash-768x1021.jpeg 768w\" sizes=\"(max-width: 1000px) 100vw, 1000px\" \/>\t\t\t\t\t\t\t\t\t\t\t\t\t\t\t<\/div>\n\t\t\t\t<\/div>\n\t\t\t\t\t<\/div>\n\t\t<\/div>\n\t\t\t\t\t\t\t<\/div>\n\t\t<\/section>\n\t\t\t\t<section class=\"elementor-section elementor-top-section elementor-element elementor-element-c1a8816 elementor-section-boxed elementor-section-height-default elementor-section-height-default\" data-id=\"c1a8816\" data-element_type=\"section\" data-settings=\"{&quot;background_background&quot;:&quot;classic&quot;}\">\n\t\t\t\t\t\t\t<div class=\"elementor-background-overlay\"><\/div>\n\t\t\t\t\t\t\t<div class=\"elementor-container elementor-column-gap-default\">\n\t\t\t\t\t<div class=\"elementor-column elementor-col-100 elementor-top-column elementor-element elementor-element-5547153\" data-id=\"5547153\" data-element_type=\"column\">\n\t\t\t<div class=\"elementor-widget-wrap elementor-element-populated\">\n\t\t\t\t\t\t\t\t<div class=\"elementor-element elementor-element-44b8aba elementor-widget__width-inherit elementor-widget elementor-widget-heading\" data-id=\"44b8aba\" data-element_type=\"widget\" data-widget_type=\"heading.default\">\n\t\t\t\t<div class=\"elementor-widget-container\">\n\t\t\t<h2 class=\"elementor-heading-title elementor-size-default\">U\u00e7tan uca (E2E) da\u011f\u0131t\u0131m s\u00fcrecindeki \u00e7\u00f6z\u00fcmler,\u00fcr\u00fcnlerin veya \u00e7e\u015fitli \u00fcr\u00fcn t\u00fcrlerinin ba\u015ftan sona hareketini g\u00f6ren tam entegre bir tedarik zinciri s\u00fcrecidir.<\/h2>\t\t<\/div>\n\t\t\t\t<\/div>\n\t\t\t\t\t<\/div>\n\t\t<\/div>\n\t\t\t\t\t\t\t<\/div>\n\t\t<\/section>\n\t\t\t\t<section class=\"elementor-section elementor-top-section elementor-element elementor-element-426740e elementor-section-content-middle elementor-section-boxed elementor-section-height-default elementor-section-height-default\" data-id=\"426740e\" data-element_type=\"section\" data-settings=\"{&quot;background_background&quot;:&quot;classic&quot;}\">\n\t\t\t\t\t\t\t<div class=\"elementor-background-overlay\"><\/div>\n\t\t\t\t\t\t\t<div class=\"elementor-container elementor-column-gap-default\">\n\t\t\t\t\t<div class=\"elementor-column elementor-col-100 elementor-top-column elementor-element elementor-element-cd4d19d\" data-id=\"cd4d19d\" data-element_type=\"column\">\n\t\t\t<div class=\"elementor-widget-wrap elementor-element-populated\">\n\t\t\t\t\t\t\t\t<section class=\"elementor-section elementor-inner-section elementor-element elementor-element-12fb053 elementor-section-full_width elementor-section-height-default elementor-section-height-default\" data-id=\"12fb053\" data-element_type=\"section\">\n\t\t\t\t\t\t<div class=\"elementor-container elementor-column-gap-default\">\n\t\t\t\t\t<div class=\"elementor-column elementor-col-100 elementor-inner-column elementor-element elementor-element-1e34fb8\" data-id=\"1e34fb8\" data-element_type=\"column\">\n\t\t\t<div class=\"elementor-widget-wrap elementor-element-populated\">\n\t\t\t\t\t\t\t\t<div class=\"elementor-element elementor-element-4e43828 elementor-widget elementor-widget-heading\" data-id=\"4e43828\" data-element_type=\"widget\" data-widget_type=\"heading.default\">\n\t\t\t\t<div class=\"elementor-widget-container\">\n\t\t\t<h2 class=\"elementor-heading-title elementor-size-default\">E2E da\u011f\u0131t\u0131m\u0131 ile geleneksel tedarik zincirleri aras\u0131ndaki temel fark, yolculu\u011fun bir\u00e7ok ayr\u0131 s\u00fcre\u00e7 yerine tek bir s\u00fcre\u00e7 olarak ele al\u0131nmas\u0131d\u0131r. \u0130\u015fin t\u00fcr\u00fcne ba\u011fl\u0131 olarak, hammadde temini, \u00fcr\u00fcnlerin \u00fcretimi ve depolanmas\u0131 ve tamamlanan sipari\u015flerin m\u00fc\u015fteriye teslimini kapsayabilir. \u00dcr\u00fcn iadelerini de i\u00e7erebilir.<br><br>\nE2E da\u011f\u0131t\u0131m\u0131n\u0131n t\u00fcm bile\u015fenlerinin do\u011fru \u00e7al\u0131\u015fmas\u0131 modernle\u015ftirilmi\u015f bir tedarik zinciri yap\u0131s\u0131 olu\u015fturur. Ancak bu, yaln\u0131zca dikkatli planlama ve tedarik zincirinin her bir par\u00e7as\u0131n\u0131n ger\u00e7ek zamanl\u0131 olarak 'g\u00f6r\u00fcn\u00fcr' olmas\u0131yla ger\u00e7ekle\u015febilir. \u00d6rne\u011fin, bir noktada gecikme olmas\u0131 ba\u015ftan sona zincirleme bir etki yaratacakt\u0131r, bu nedenle hareketleri takip edebilmek, zinciri ve k\u00e2r hanenizi etkileyebilecek olas\u0131 sorunlar\u0131 y\u00f6netmek i\u00e7in \u00e7ok \u00f6nemlidir.<br><br>\nBir m\u00fc\u015fteri olarak, \u00e7e\u015fitli lojistik hizmetleri y\u00fcr\u00fcten birden fazla ki\u015fiyle takip etmek zorunda kalmayacaks\u0131n\u0131z, bunun yerine tek bir \u00e7at\u0131 alt\u0131nda, t\u00fcm i\u015flem ayr\u0131nt\u0131lar\u0131n\u0131 VEYA ayr\u0131 ayr\u0131 (gerekti\u011fi gibi) g\u00f6steren tek bir rapor alabilirsiniz.<\/h2>\t\t<\/div>\n\t\t\t\t<\/div>\n\t\t\t\t<div class=\"elementor-element elementor-element-5e41d81 elementor-widget__width-inherit elementor-widget elementor-widget-heading\" data-id=\"5e41d81\" data-element_type=\"widget\" data-widget_type=\"heading.default\">\n\t\t\t\t<div class=\"elementor-widget-container\">\n\t\t\t<h2 class=\"elementor-heading-title elementor-size-default\">E2E \u00e7\u00f6z\u00fcmleri sevkiyatlar\u0131n\u0131z\u0131n g\u00fcvenilir olmas\u0131n\u0131 sa\u011flar \u00f6rnek olarak<\/h2>\t\t<\/div>\n\t\t\t\t<\/div>\n\t\t\t\t<div class=\"elementor-element elementor-element-987b391 elementor-widget elementor-widget-heading\" data-id=\"987b391\" data-element_type=\"widget\" data-widget_type=\"heading.default\">\n\t\t\t\t<div class=\"elementor-widget-container\">\n\t\t\t<h2 class=\"elementor-heading-title elementor-size-default\">T\u00fcrkiye'den ithal edilen hastane ekipman\u0131 Yeni Delhi'deki bir hastaneye zaman\u0131nda teslim edilmelidir. Mallar\u0131 do\u011fru bir \u015fekilde takip etmek zor olacakt\u0131r. Daha fazla say\u0131da LSP, daha fazla say\u0131da kontrol noktas\u0131 anlam\u0131na gelir, hasar olas\u0131l\u0131\u011f\u0131na yol a\u00e7ar, ayr\u0131ca y\u00fcksek gecikme olas\u0131l\u0131\u011f\u0131 anlam\u0131na gelir.<br><br>\n\u00c7\u00f6z\u00fcm  \u2013 U\u00e7tan uca bir \u00e7\u00f6z\u00fcm, YUKARIDA BEL\u0130RT\u0130LD\u0130\u011e\u0130 G\u0130B\u0130 T\u00dcM B\u0130LG\u0130LER\u0130N \u015eEFFAFLI\u011eI ile sevkiyat teslim edilene kadar size zaman\u0131nda, kalite ve miktar taahh\u00fcd\u00fc verebilir. Bunun nedeni, tek kontrol noktas\u0131n\u0131n olmas\u0131d\u0131r.<\/h2>\t\t<\/div>\n\t\t\t\t<\/div>\n\t\t\t\t\t<\/div>\n\t\t<\/div>\n\t\t\t\t\t\t\t<\/div>\n\t\t<\/section>\n\t\t\t\t\t<\/div>\n\t\t<\/div>\n\t\t\t\t\t\t\t<\/div>\n\t\t<\/section>\n\t\t\t\t\t\t\t<\/div>\n\t\t","protected":false},"excerpt":{"rendered":"<p>U\u00e7tan Uca Lojistik \u00c7\u00f6z\u00fcmleri U\u00e7tan uca lojistik, tedarik da\u011f\u0131t\u0131m, nakliye, m\u00fc\u015fteriye teslimat ve iade lojisti\u011fi ile biten t\u00fcm lojistik d\u00f6ng\u00fcs\u00fcn\u00fc kapsad\u0131\u011f\u0131ndan, daha az endi\u015fe anlam\u0131na gelir. U\u00e7tan Uca Lojistik \u0130\u015fletmeler \u0130\u00e7in Daha Az Sorun Demektir Kap\u0131dan Kap\u0131ya \u00c7\u00f6z\u00fcmler \/ Depolama &#8211; Teslim Alma &#8211; Son Teslimat &nbsp; Sadece \u00fcr\u00fcnlerinize odaklanman\u0131z\u0131 ve gerisini bize b\u0131rakman\u0131z\u0131 \u00f6neriyoruz [&hellip;]<\/p>\n","protected":false},"author":1,"featured_media":7832,"parent":0,"menu_order":0,"comment_status":"closed","ping_status":"closed","template":"elementor_header_footer","meta":[],"_links":{"self":[{"href":"https:\/\/kailogistics.com\/tr\/wp-json\/wp\/v2\/pages\/8004"}],"collection":[{"href":"https:\/\/kailogistics.com\/tr\/wp-json\/wp\/v2\/pages"}],"about":[{"href":"https:\/\/kailogistics.com\/tr\/wp-json\/wp\/v2\/types\/page"}],"author":[{"embeddable":true,"href":"https:\/\/kailogistics.com\/tr\/wp-json\/wp\/v2\/users\/1"}],"replies":[{"embeddable":true,"href":"https:\/\/kailogistics.com\/tr\/wp-json\/wp\/v2\/comments?post=8004"}],"version-history":[{"count":1,"href":"https:\/\/kailogistics.com\/tr\/wp-json\/wp\/v2\/pages\/8004\/revisions"}],"predecessor-version":[{"id":8686,"href":"https:\/\/kailogistics.com\/tr\/wp-json\/wp\/v2\/pages\/8004\/revisions\/8686"}],"wp:featuredmedia":[{"embeddable":true,"href":"https:\/\/kailogistics.com\/tr\/wp-json\/wp\/v2\/media\/7832"}],"wp:attachment":[{"href":"https:\/\/kailogistics.com\/tr\/wp-json\/wp\/v2\/media?parent=8004"}],"curies":[{"name":"wp","href":"https:\/\/api.w.org\/{rel}","templated":true}]}}