{"id":8002,"date":"2022-12-18T01:48:02","date_gmt":"2022-12-18T01:48:02","guid":{"rendered":"https:\/\/kailogistics.com\/air-freight\/"},"modified":"2023-02-13T10:25:18","modified_gmt":"2023-02-13T10:25:18","slug":"havayolu-tasimaciligi","status":"publish","type":"page","link":"https:\/\/kailogistics.com\/tr\/havayolu-tasimaciligi\/","title":{"rendered":"Havayolu Ta\u015f\u0131mac\u0131l\u0131\u011f\u0131"},"content":{"rendered":"\t\t<div data-elementor-type=\"wp-page\" data-elementor-id=\"8002\" class=\"elementor elementor-8002 elementor-3866\">\n\t\t\t\t\t\t\t\t\t<section class=\"elementor-section elementor-top-section elementor-element elementor-element-20a0775 elementor-section-boxed elementor-section-height-default elementor-section-height-default\" data-id=\"20a0775\" data-element_type=\"section\" data-settings=\"{&quot;background_background&quot;:&quot;classic&quot;}\">\n\t\t\t\t\t\t\t<div class=\"elementor-background-overlay\"><\/div>\n\t\t\t\t\t\t\t<div class=\"elementor-container elementor-column-gap-default\">\n\t\t\t\t\t<div class=\"elementor-column elementor-col-50 elementor-top-column elementor-element elementor-element-03a342e\" data-id=\"03a342e\" data-element_type=\"column\">\n\t\t\t<div class=\"elementor-widget-wrap elementor-element-populated\">\n\t\t\t\t\t\t\t\t<div class=\"elementor-element elementor-element-e02263b elementor-widget__width-inherit elementor-widget elementor-widget-heading\" data-id=\"e02263b\" data-element_type=\"widget\" data-widget_type=\"heading.default\">\n\t\t\t\t<div class=\"elementor-widget-container\">\n\t\t\t<style>\/*! elementor - v3.10.1 - 17-01-2023 *\/\n.elementor-heading-title{padding:0;margin:0;line-height:1}.elementor-widget-heading .elementor-heading-title[class*=elementor-size-]>a{color:inherit;font-size:inherit;line-height:inherit}.elementor-widget-heading .elementor-heading-title.elementor-size-small{font-size:15px}.elementor-widget-heading .elementor-heading-title.elementor-size-medium{font-size:19px}.elementor-widget-heading .elementor-heading-title.elementor-size-large{font-size:29px}.elementor-widget-heading .elementor-heading-title.elementor-size-xl{font-size:39px}.elementor-widget-heading .elementor-heading-title.elementor-size-xxl{font-size:59px}<\/style><h1 class=\"elementor-heading-title elementor-size-default\">Havayolu Ta\u015f\u0131mac\u0131l\u0131\u011f\u0131<\/h1>\t\t<\/div>\n\t\t\t\t<\/div>\n\t\t\t\t<div class=\"elementor-element elementor-element-deb1dca elementor-widget-divider--view-line elementor-widget elementor-widget-divider\" data-id=\"deb1dca\" data-element_type=\"widget\" data-widget_type=\"divider.default\">\n\t\t\t\t<div class=\"elementor-widget-container\">\n\t\t\t<style>\/*! elementor - v3.10.1 - 17-01-2023 *\/\n.elementor-widget-divider{--divider-border-style:none;--divider-border-width:1px;--divider-color:#2c2c2c;--divider-icon-size:20px;--divider-element-spacing:10px;--divider-pattern-height:24px;--divider-pattern-size:20px;--divider-pattern-url:none;--divider-pattern-repeat:repeat-x}.elementor-widget-divider .elementor-divider{display:flex}.elementor-widget-divider .elementor-divider__text{font-size:15px;line-height:1;max-width:95%}.elementor-widget-divider .elementor-divider__element{margin:0 var(--divider-element-spacing);flex-shrink:0}.elementor-widget-divider .elementor-icon{font-size:var(--divider-icon-size)}.elementor-widget-divider .elementor-divider-separator{display:flex;margin:0;direction:ltr}.elementor-widget-divider--view-line_icon .elementor-divider-separator,.elementor-widget-divider--view-line_text .elementor-divider-separator{align-items:center}.elementor-widget-divider--view-line_icon .elementor-divider-separator:after,.elementor-widget-divider--view-line_icon .elementor-divider-separator:before,.elementor-widget-divider--view-line_text .elementor-divider-separator:after,.elementor-widget-divider--view-line_text .elementor-divider-separator:before{display:block;content:\"\";border-bottom:0;flex-grow:1;border-top:var(--divider-border-width) var(--divider-border-style) var(--divider-color)}.elementor-widget-divider--element-align-left .elementor-divider .elementor-divider-separator>.elementor-divider__svg:first-of-type{flex-grow:0;flex-shrink:100}.elementor-widget-divider--element-align-left .elementor-divider-separator:before{content:none}.elementor-widget-divider--element-align-left .elementor-divider__element{margin-left:0}.elementor-widget-divider--element-align-right .elementor-divider .elementor-divider-separator>.elementor-divider__svg:last-of-type{flex-grow:0;flex-shrink:100}.elementor-widget-divider--element-align-right .elementor-divider-separator:after{content:none}.elementor-widget-divider--element-align-right .elementor-divider__element{margin-right:0}.elementor-widget-divider:not(.elementor-widget-divider--view-line_text):not(.elementor-widget-divider--view-line_icon) .elementor-divider-separator{border-top:var(--divider-border-width) var(--divider-border-style) var(--divider-color)}.elementor-widget-divider--separator-type-pattern{--divider-border-style:none}.elementor-widget-divider--separator-type-pattern.elementor-widget-divider--view-line .elementor-divider-separator,.elementor-widget-divider--separator-type-pattern:not(.elementor-widget-divider--view-line) .elementor-divider-separator:after,.elementor-widget-divider--separator-type-pattern:not(.elementor-widget-divider--view-line) .elementor-divider-separator:before,.elementor-widget-divider--separator-type-pattern:not([class*=elementor-widget-divider--view]) .elementor-divider-separator{width:100%;min-height:var(--divider-pattern-height);-webkit-mask-size:var(--divider-pattern-size) 100%;mask-size:var(--divider-pattern-size) 100%;-webkit-mask-repeat:var(--divider-pattern-repeat);mask-repeat:var(--divider-pattern-repeat);background-color:var(--divider-color);-webkit-mask-image:var(--divider-pattern-url);mask-image:var(--divider-pattern-url)}.elementor-widget-divider--no-spacing{--divider-pattern-size:auto}.elementor-widget-divider--bg-round{--divider-pattern-repeat:round}.rtl .elementor-widget-divider .elementor-divider__text{direction:rtl}.e-con-inner>.elementor-widget-divider,.e-con>.elementor-widget-divider{width:var(--container-widget-width);--flex-grow:var(--container-widget-flex-grow)}<\/style>\t\t<div class=\"elementor-divider\">\n\t\t\t<span class=\"elementor-divider-separator\">\n\t\t\t\t\t\t<\/span>\n\t\t<\/div>\n\t\t\t\t<\/div>\n\t\t\t\t<\/div>\n\t\t\t\t<div class=\"elementor-element elementor-element-f7dc094 elementor-widget elementor-widget-heading\" data-id=\"f7dc094\" data-element_type=\"widget\" data-widget_type=\"heading.default\">\n\t\t\t\t<div class=\"elementor-widget-container\">\n\t\t\t<h2 class=\"elementor-heading-title elementor-size-default\">Zaman \u00e7ok \u00f6nemli oldu\u011funda, hava ta\u015f\u0131mac\u0131l\u0131\u011f\u0131 \u00e7\u00f6z\u00fcmleri mallar\u0131n\u0131z\u0131 h\u0131zl\u0131 ve g\u00fcvenli bir \u015fekilde var\u0131\u015f yerlerine ula\u015ft\u0131rarak pazar taleplerini ve m\u00fc\u015fteri ihtiya\u00e7lar\u0131n\u0131 kar\u015f\u0131laman\u0131za yard\u0131mc\u0131 olur.\n<\/h2>\t\t<\/div>\n\t\t\t\t<\/div>\n\t\t\t\t\t<\/div>\n\t\t<\/div>\n\t\t\t\t<div class=\"elementor-column elementor-col-50 elementor-top-column elementor-element elementor-element-3139903\" data-id=\"3139903\" data-element_type=\"column\">\n\t\t\t<div class=\"elementor-widget-wrap\">\n\t\t\t\t\t\t\t\t\t<\/div>\n\t\t<\/div>\n\t\t\t\t\t\t\t<\/div>\n\t\t<\/section>\n\t\t\t\t<section class=\"elementor-section elementor-top-section elementor-element elementor-element-b5cf448 elementor-section-content-middle elementor-reverse-mobile elementor-section-boxed elementor-section-height-default elementor-section-height-default\" data-id=\"b5cf448\" data-element_type=\"section\" data-settings=\"{&quot;background_background&quot;:&quot;classic&quot;}\">\n\t\t\t\t\t\t<div class=\"elementor-container elementor-column-gap-default\">\n\t\t\t\t\t<div class=\"elementor-column elementor-col-50 elementor-top-column elementor-element elementor-element-2cde27d\" data-id=\"2cde27d\" data-element_type=\"column\">\n\t\t\t<div class=\"elementor-widget-wrap elementor-element-populated\">\n\t\t\t\t\t\t\t\t<div class=\"elementor-element elementor-element-58d571a elementor-widget__width-inherit elementor-widget elementor-widget-heading\" data-id=\"58d571a\" data-element_type=\"widget\" data-widget_type=\"heading.default\">\n\t\t\t\t<div class=\"elementor-widget-container\">\n\t\t\t<h2 class=\"elementor-heading-title elementor-size-default\">Rekabet\u00e7i ve G\u00fcvenilir Hava Ta\u015f\u0131mac\u0131l\u0131\u011f\u0131 \u00c7\u00f6z\u00fcmleri<\/h2>\t\t<\/div>\n\t\t\t\t<\/div>\n\t\t\t\t<div class=\"elementor-element elementor-element-c09a36c elementor-widget elementor-widget-heading\" data-id=\"c09a36c\" data-element_type=\"widget\" data-widget_type=\"heading.default\">\n\t\t\t\t<div class=\"elementor-widget-container\">\n\t\t\t<h2 class=\"elementor-heading-title elementor-size-default\">Hava ta\u015f\u0131mac\u0131l\u0131\u011f\u0131 her zaman \u00e7ok karma\u015f\u0131k ve \u00f6zel bir prosed\u00fcrd\u00fcr. \u0130ster uluslararas\u0131 pazarlara y\u00fcksek de\u011ferli \u00fcr\u00fcnler ihra\u00e7 etmek isteyin, ister m\u00fc\u015fterinizin gereksinimlerini kar\u015f\u0131lamak i\u00e7in mal ithal etmek isteyin, hepsini biz hallediyoruz.\n<\/h2>\t\t<\/div>\n\t\t\t\t<\/div>\n\t\t\t\t<div class=\"elementor-element elementor-element-2d74aa7 elementor-icon-list--layout-traditional elementor-list-item-link-full_width elementor-widget elementor-widget-icon-list\" data-id=\"2d74aa7\" data-element_type=\"widget\" data-widget_type=\"icon-list.default\">\n\t\t\t\t<div class=\"elementor-widget-container\">\n\t\t\t<link rel=\"stylesheet\" href=\"https:\/\/kailogistics.com\/wp-content\/uploads\/elementor\/css\/custom-widget-icon-list.min.css?ver=1675805796\">\t\t<ul class=\"elementor-icon-list-items\">\n\t\t\t\t\t\t\t<li class=\"elementor-icon-list-item\">\n\t\t\t\t\t\t\t\t\t\t\t<span class=\"elementor-icon-list-icon\">\n\t\t\t\t\t\t\t<svg aria-hidden=\"true\" class=\"e-font-icon-svg e-fas-check-circle\" viewBox=\"0 0 512 512\" xmlns=\"http:\/\/www.w3.org\/2000\/svg\"><path d=\"M504 256c0 136.967-111.033 248-248 248S8 392.967 8 256 119.033 8 256 8s248 111.033 248 248zM227.314 387.314l184-184c6.248-6.248 6.248-16.379 0-22.627l-22.627-22.627c-6.248-6.249-16.379-6.249-22.628 0L216 308.118l-70.059-70.059c-6.248-6.248-16.379-6.248-22.628 0l-22.627 22.627c-6.248 6.248-6.248 16.379 0 22.627l104 104c6.249 6.249 16.379 6.249 22.628.001z\"><\/path><\/svg>\t\t\t\t\t\t<\/span>\n\t\t\t\t\t\t\t\t\t\t<span class=\"elementor-icon-list-text\">Havayollar\u0131 ile ili\u015fkilerimiz, yer tahsisleri ve fiyatlarla kendinizi iyi hissetmenizi sa\u011flayacakt\u0131r<\/span>\n\t\t\t\t\t\t\t\t\t<\/li>\n\t\t\t\t\t\t\t\t<li class=\"elementor-icon-list-item\">\n\t\t\t\t\t\t\t\t\t\t\t<span class=\"elementor-icon-list-icon\">\n\t\t\t\t\t\t\t<svg aria-hidden=\"true\" class=\"e-font-icon-svg e-fas-check-circle\" viewBox=\"0 0 512 512\" xmlns=\"http:\/\/www.w3.org\/2000\/svg\"><path d=\"M504 256c0 136.967-111.033 248-248 248S8 392.967 8 256 119.033 8 256 8s248 111.033 248 248zM227.314 387.314l184-184c6.248-6.248 6.248-16.379 0-22.627l-22.627-22.627c-6.248-6.249-16.379-6.249-22.628 0L216 308.118l-70.059-70.059c-6.248-6.248-16.379-6.248-22.628 0l-22.627 22.627c-6.248 6.248-6.248 16.379 0 22.627l104 104c6.249 6.249 16.379 6.249 22.628.001z\"><\/path><\/svg>\t\t\t\t\t\t<\/span>\n\t\t\t\t\t\t\t\t\t\t<span class=\"elementor-icon-list-text\">Konsol teklifimiz ile; en iyi transit s\u00fcresini hissedeceksiniz <\/span>\n\t\t\t\t\t\t\t\t\t<\/li>\n\t\t\t\t\t\t\t\t<li class=\"elementor-icon-list-item\">\n\t\t\t\t\t\t\t\t\t\t\t<span class=\"elementor-icon-list-icon\">\n\t\t\t\t\t\t\t<svg aria-hidden=\"true\" class=\"e-font-icon-svg e-fas-check-circle\" viewBox=\"0 0 512 512\" xmlns=\"http:\/\/www.w3.org\/2000\/svg\"><path d=\"M504 256c0 136.967-111.033 248-248 248S8 392.967 8 256 119.033 8 256 8s248 111.033 248 248zM227.314 387.314l184-184c6.248-6.248 6.248-16.379 0-22.627l-22.627-22.627c-6.248-6.249-16.379-6.249-22.628 0L216 308.118l-70.059-70.059c-6.248-6.248-16.379-6.248-22.628 0l-22.627 22.627c-6.248 6.248-6.248 16.379 0 22.627l104 104c6.249 6.249 16.379 6.249 22.628.001z\"><\/path><\/svg>\t\t\t\t\t\t<\/span>\n\t\t\t\t\t\t\t\t\t\t<span class=\"elementor-icon-list-text\">M\u00fc\u015fterilerimizin ihtiya\u00e7lar\u0131na g\u00f6re a\u00e7\u0131k, objektif ve esnek takip sistemi <\/span>\n\t\t\t\t\t\t\t\t\t<\/li>\n\t\t\t\t\t\t\t\t<li class=\"elementor-icon-list-item\">\n\t\t\t\t\t\t\t\t\t\t\t<span class=\"elementor-icon-list-icon\">\n\t\t\t\t\t\t\t<svg aria-hidden=\"true\" class=\"e-font-icon-svg e-fas-check-circle\" viewBox=\"0 0 512 512\" xmlns=\"http:\/\/www.w3.org\/2000\/svg\"><path d=\"M504 256c0 136.967-111.033 248-248 248S8 392.967 8 256 119.033 8 256 8s248 111.033 248 248zM227.314 387.314l184-184c6.248-6.248 6.248-16.379 0-22.627l-22.627-22.627c-6.248-6.249-16.379-6.249-22.628 0L216 308.118l-70.059-70.059c-6.248-6.248-16.379-6.248-22.628 0l-22.627 22.627c-6.248 6.248-6.248 16.379 0 22.627l104 104c6.249 6.249 16.379 6.249 22.628.001z\"><\/path><\/svg>\t\t\t\t\t\t<\/span>\n\t\t\t\t\t\t\t\t\t\t<span class=\"elementor-icon-list-text\">M\u00fc\u015fteri hizmetlerimiz ile Takip Sistemi, her an ger\u00e7ek zamanl\u0131 takip <\/span>\n\t\t\t\t\t\t\t\t\t<\/li>\n\t\t\t\t\t\t\t\t<li class=\"elementor-icon-list-item\">\n\t\t\t\t\t\t\t\t\t\t\t<span class=\"elementor-icon-list-icon\">\n\t\t\t\t\t\t\t<svg aria-hidden=\"true\" class=\"e-font-icon-svg e-fas-check-circle\" viewBox=\"0 0 512 512\" xmlns=\"http:\/\/www.w3.org\/2000\/svg\"><path d=\"M504 256c0 136.967-111.033 248-248 248S8 392.967 8 256 119.033 8 256 8s248 111.033 248 248zM227.314 387.314l184-184c6.248-6.248 6.248-16.379 0-22.627l-22.627-22.627c-6.248-6.249-16.379-6.249-22.628 0L216 308.118l-70.059-70.059c-6.248-6.248-16.379-6.248-22.628 0l-22.627 22.627c-6.248 6.248-6.248 16.379 0 22.627l104 104c6.249 6.249 16.379 6.249 22.628.001z\"><\/path><\/svg>\t\t\t\t\t\t<\/span>\n\t\t\t\t\t\t\t\t\t\t<span class=\"elementor-icon-list-text\">G\u00fcmr\u00fck prosed\u00fcrleri konusunda uzun s\u00fcreli deneyim <\/span>\n\t\t\t\t\t\t\t\t\t<\/li>\n\t\t\t\t\t\t<\/ul>\n\t\t\t\t<\/div>\n\t\t\t\t<\/div>\n\t\t\t\t\t<\/div>\n\t\t<\/div>\n\t\t\t\t<div class=\"elementor-column elementor-col-50 elementor-top-column elementor-element elementor-element-0fb6911\" data-id=\"0fb6911\" data-element_type=\"column\">\n\t\t\t<div class=\"elementor-widget-wrap elementor-element-populated\">\n\t\t\t\t\t\t\t\t<div class=\"elementor-element elementor-element-a89eab9 elementor-widget elementor-widget-image\" data-id=\"a89eab9\" data-element_type=\"widget\" data-widget_type=\"image.default\">\n\t\t\t\t<div class=\"elementor-widget-container\">\n\t\t\t<style>\/*! elementor - v3.10.1 - 17-01-2023 *\/\n.elementor-widget-image{text-align:center}.elementor-widget-image a{display:inline-block}.elementor-widget-image a img[src$=\".svg\"]{width:48px}.elementor-widget-image img{vertical-align:middle;display:inline-block}<\/style>\t\t\t\t\t\t\t\t\t\t\t\t<img decoding=\"async\" width=\"2560\" height=\"1707\" src=\"https:\/\/kailogistics.com\/wp-content\/uploads\/2022\/12\/Airlines-launch-cargo-only-flights.-Photo-American-scaled-1.jpg\" class=\"attachment-full size-full wp-image-3871\" alt=\"Air Freight Solutions\" loading=\"lazy\" srcset=\"https:\/\/kailogistics.com\/wp-content\/uploads\/2022\/12\/Airlines-launch-cargo-only-flights.-Photo-American-scaled-1.jpg 2560w, https:\/\/kailogistics.com\/wp-content\/uploads\/2022\/12\/Airlines-launch-cargo-only-flights.-Photo-American-scaled-1-300x200.jpg 300w, https:\/\/kailogistics.com\/wp-content\/uploads\/2022\/12\/Airlines-launch-cargo-only-flights.-Photo-American-scaled-1-1024x683.jpg 1024w, https:\/\/kailogistics.com\/wp-content\/uploads\/2022\/12\/Airlines-launch-cargo-only-flights.-Photo-American-scaled-1-768x512.jpg 768w, https:\/\/kailogistics.com\/wp-content\/uploads\/2022\/12\/Airlines-launch-cargo-only-flights.-Photo-American-scaled-1-1536x1024.jpg 1536w, https:\/\/kailogistics.com\/wp-content\/uploads\/2022\/12\/Airlines-launch-cargo-only-flights.-Photo-American-scaled-1-2048x1366.jpg 2048w\" sizes=\"(max-width: 2560px) 100vw, 2560px\" \/>\t\t\t\t\t\t\t\t\t\t\t\t\t\t\t<\/div>\n\t\t\t\t<\/div>\n\t\t\t\t\t<\/div>\n\t\t<\/div>\n\t\t\t\t\t\t\t<\/div>\n\t\t<\/section>\n\t\t\t\t<section class=\"elementor-section elementor-top-section elementor-element elementor-element-346faac elementor-section-boxed elementor-section-height-default elementor-section-height-default\" data-id=\"346faac\" data-element_type=\"section\" data-settings=\"{&quot;background_background&quot;:&quot;classic&quot;}\">\n\t\t\t\t\t\t\t<div class=\"elementor-background-overlay\"><\/div>\n\t\t\t\t\t\t\t<div class=\"elementor-container elementor-column-gap-default\">\n\t\t\t\t\t<div class=\"elementor-column elementor-col-100 elementor-top-column elementor-element elementor-element-f1c51e6\" data-id=\"f1c51e6\" data-element_type=\"column\">\n\t\t\t<div class=\"elementor-widget-wrap elementor-element-populated\">\n\t\t\t\t\t\t\t\t<div class=\"elementor-element elementor-element-da2f1a3 elementor-widget__width-inherit elementor-widget elementor-widget-heading\" data-id=\"da2f1a3\" data-element_type=\"widget\" data-widget_type=\"heading.default\">\n\t\t\t\t<div class=\"elementor-widget-container\">\n\t\t\t<h2 class=\"elementor-heading-title elementor-size-default\">Havayolu ta\u015f\u0131mac\u0131l\u0131\u011f\u0131 y\u00fck ve yolcu ta\u015f\u0131mas\u0131 amac\u0131yla kullan\u0131lan bir ta\u015f\u0131ma modudur. H\u0131zl\u0131, g\u00fcvenli, esnek olmas\u0131 nedeni ile fazla tercih edilmektedir.  <\/h2>\t\t<\/div>\n\t\t\t\t<\/div>\n\t\t\t\t\t<\/div>\n\t\t<\/div>\n\t\t\t\t\t\t\t<\/div>\n\t\t<\/section>\n\t\t\t\t<section class=\"elementor-section elementor-top-section elementor-element elementor-element-d5fb68e elementor-section-content-middle elementor-section-boxed elementor-section-height-default elementor-section-height-default\" data-id=\"d5fb68e\" data-element_type=\"section\" data-settings=\"{&quot;background_background&quot;:&quot;classic&quot;}\">\n\t\t\t\t\t\t\t<div class=\"elementor-background-overlay\"><\/div>\n\t\t\t\t\t\t\t<div class=\"elementor-container elementor-column-gap-default\">\n\t\t\t\t\t<div class=\"elementor-column elementor-col-100 elementor-top-column elementor-element elementor-element-f66c2cb\" data-id=\"f66c2cb\" data-element_type=\"column\">\n\t\t\t<div class=\"elementor-widget-wrap elementor-element-populated\">\n\t\t\t\t\t\t\t\t<section class=\"elementor-section elementor-inner-section elementor-element elementor-element-0e42385 elementor-section-full_width elementor-section-height-default elementor-section-height-default\" data-id=\"0e42385\" data-element_type=\"section\">\n\t\t\t\t\t\t<div class=\"elementor-container elementor-column-gap-default\">\n\t\t\t\t\t<div class=\"elementor-column elementor-col-100 elementor-inner-column elementor-element elementor-element-e6bce9d\" data-id=\"e6bce9d\" data-element_type=\"column\">\n\t\t\t<div class=\"elementor-widget-wrap elementor-element-populated\">\n\t\t\t\t\t\t\t\t<div class=\"elementor-element elementor-element-60db2cf elementor-widget elementor-widget-heading\" data-id=\"60db2cf\" data-element_type=\"widget\" data-widget_type=\"heading.default\">\n\t\t\t\t<div class=\"elementor-widget-container\">\n\t\t\t<h2 class=\"elementor-heading-title elementor-size-default\">Havayolu ta\u015f\u0131mac\u0131l\u0131\u011f\u0131n tarihinden ba\u015flamam\u0131z gerekirse ilk u\u00e7u\u015f denemeleri  17 Aral\u0131k 1903'te Wright Karde\u015flerin ABD\u2019de ilk motorlu u\u00e7u\u015fu yapmas\u0131 ile ba\u015flar. Daha sonra 1 Ocak 1914'te yine ABD\u2019de \u00fccretli bir yolcuyla ger\u00e7ekle\u015fen u\u00e7u\u015f, d\u00fcnyan\u0131n ilk tarifeli u\u00e7u\u015fu oldu. Daha sonra 1. D\u00fcnya Savas\u0131\u2019n\u0131n ba\u015flamas\u0131yla ticari hava ta\u015f\u0131mac\u0131\u011f\u0131n\u0131n geli\u015fimi h\u0131zlanarak devam etmi\u015ftir. Havac\u0131l\u0131\u011f\u0131n h\u0131z avantaj\u0131 1950\u2019den sonra \u00f6zellikle jet yolculuklar\u0131n\u0131n ortaya \u00e7\u0131kmas\u0131 ile b\u00fcy\u00fcm\u00fc\u015ft\u00fcr.<br><br>\nHavayolu kargo ta\u015f\u0131mac\u0131l\u0131\u011f\u0131 ithalat ve ihracat kargolar\u0131, her t\u00fcrl\u00fc proje ta\u015f\u0131mac\u0131l\u0131\u011f\u0131, konsolide kargo, transit kargo, de\u011ferli ve de\u011fersiz evrak ta\u015f\u0131mac\u0131l\u0131\u011f\u0131 gibi farkl\u0131 ama\u00e7lar ile ta\u015f\u0131nan kargo t\u00fcrlerinin kapsamaktad\u0131r. Bu kargo t\u00fcrlerini genel kargo ve \u00f6zel kargo olarak iki ba\u015fl\u0131k alt\u0131nda toplayabiliriz.<\/h2>\t\t<\/div>\n\t\t\t\t<\/div>\n\t\t\t\t<div class=\"elementor-element elementor-element-a7ccbc7 elementor-widget__width-inherit elementor-widget elementor-widget-heading\" data-id=\"a7ccbc7\" data-element_type=\"widget\" data-widget_type=\"heading.default\">\n\t\t\t\t<div class=\"elementor-widget-container\">\n\t\t\t<h2 class=\"elementor-heading-title elementor-size-default\">Genel Kargo<\/h2>\t\t<\/div>\n\t\t\t\t<\/div>\n\t\t\t\t<div class=\"elementor-element elementor-element-d099ba2 elementor-widget elementor-widget-heading\" data-id=\"d099ba2\" data-element_type=\"widget\" data-widget_type=\"heading.default\">\n\t\t\t\t<div class=\"elementor-widget-container\">\n\t\t\t<h2 class=\"elementor-heading-title elementor-size-default\">\u00d6zel hizmet veya depolama ko\u015fuluna gerek olmayan; tehlikeli madde stat\u00fcs\u00fcnde bulunmayan, bozulabilir olmayan kuru ve temiz kargolard\u0131r.<\/h2>\t\t<\/div>\n\t\t\t\t<\/div>\n\t\t\t\t<div class=\"elementor-element elementor-element-35b7209 elementor-widget__width-inherit elementor-widget elementor-widget-heading\" data-id=\"35b7209\" data-element_type=\"widget\" data-widget_type=\"heading.default\">\n\t\t\t\t<div class=\"elementor-widget-container\">\n\t\t\t<h2 class=\"elementor-heading-title elementor-size-default\">\u00d6zel Kargo<\/h2>\t\t<\/div>\n\t\t\t\t<\/div>\n\t\t\t\t<div class=\"elementor-element elementor-element-4541e91 elementor-widget elementor-widget-heading\" data-id=\"4541e91\" data-element_type=\"widget\" data-widget_type=\"heading.default\">\n\t\t\t\t<div class=\"elementor-widget-container\">\n\t\t\t<h2 class=\"elementor-heading-title elementor-size-default\">Ta\u015f\u0131nmas\u0131 ve depolanmas\u0131 s\u00fcre\u00e7lerinde \u00f6zel i\u015flem, prosed\u00fcr gereksinimi olan kargolard\u0131r. Bu kargolar\u0131n ta\u015f\u0131nabilmesi i\u00e7in genel kargolardan ayr\u0131 olarak \u00f6zel izin al\u0131nmas\u0131 gereklidir. Do\u011fru paketleme, y\u00fckleme, etiketleme gibi dikkat edilmesi gereken ayr\u0131 s\u00fcre\u00e7leri mevcuttur. \u00d6zel kargo gruplar\u0131 a\u015fa\u011f\u0131daki gibidir.<\/h2>\t\t<\/div>\n\t\t\t\t<\/div>\n\t\t\t\t<div class=\"elementor-element elementor-element-e771ddc elementor-widget elementor-widget-heading\" data-id=\"e771ddc\" data-element_type=\"widget\" data-widget_type=\"heading.default\">\n\t\t\t\t<div class=\"elementor-widget-container\">\n\t\t\t<h2 class=\"elementor-heading-title elementor-size-default\">- Tehlikeli Maddeler <br>\n- Bozulabilir G\u0131da Maddeleri <br>\n- Canl\u0131 Hayvanlar<br>\n- De\u011ferli Kargolar<br>\n- A\u011f\u0131r Kargolar<br>\n- Diplomatik Kargolar<br>\n- Cenaze Kargolar\u0131<\/h2>\t\t<\/div>\n\t\t\t\t<\/div>\n\t\t\t\t<div class=\"elementor-element elementor-element-9c37b4f elementor-widget elementor-widget-heading\" data-id=\"9c37b4f\" data-element_type=\"widget\" data-widget_type=\"heading.default\">\n\t\t\t\t<div class=\"elementor-widget-container\">\n\t\t\t<h2 class=\"elementor-heading-title elementor-size-default\">G\u00fcn\u00fcm\u00fczde Havayolu Kargo Tas\u0131mac\u0131l\u0131\u011f\u0131n\u0131n pek \u00e7ok avantaj\u0131 bulunmaktad\u0131r. Bu avantajlardan en \u00f6nemlisi transit s\u00fcrenin \u00e7ok k\u0131sa olmas\u0131 ve di\u011fer ta\u015f\u0131ma modlar\u0131na k\u0131yasla kargonun h\u0131zl\u0131ca teslim edilebilmesidir. Bir di\u011fer avantaj\u0131 ise farkl\u0131 havayollar\u0131 ve alternatif rotalar ile esnek planlamalar, \u00e7\u00f6z\u00fcmler sunabilmesidir. Do\u011fru paketleme ve istif yap\u0131ld\u0131\u011f\u0131 m\u00fcddet\u00e7e g\u00fcvenli bir ta\u015f\u0131ma modudur. Prosed\u00fcrlerin h\u0131zl\u0131 i\u015flemesinden dolay\u0131 g\u00fcmr\u00fck ve transferler daha h\u0131zl\u0131 ve kolay bir \u015fekilde ger\u00e7ekle\u015ftirilmektedir.<\/h2>\t\t<\/div>\n\t\t\t\t<\/div>\n\t\t\t\t\t<\/div>\n\t\t<\/div>\n\t\t\t\t\t\t\t<\/div>\n\t\t<\/section>\n\t\t\t\t\t<\/div>\n\t\t<\/div>\n\t\t\t\t\t\t\t<\/div>\n\t\t<\/section>\n\t\t\t\t\t\t\t<\/div>\n\t\t","protected":false},"excerpt":{"rendered":"<p>Havayolu Ta\u015f\u0131mac\u0131l\u0131\u011f\u0131 Zaman \u00e7ok \u00f6nemli oldu\u011funda, hava ta\u015f\u0131mac\u0131l\u0131\u011f\u0131 \u00e7\u00f6z\u00fcmleri mallar\u0131n\u0131z\u0131 h\u0131zl\u0131 ve g\u00fcvenli bir \u015fekilde var\u0131\u015f yerlerine ula\u015ft\u0131rarak pazar taleplerini ve m\u00fc\u015fteri ihtiya\u00e7lar\u0131n\u0131 kar\u015f\u0131laman\u0131za yard\u0131mc\u0131 olur. Rekabet\u00e7i ve G\u00fcvenilir Hava Ta\u015f\u0131mac\u0131l\u0131\u011f\u0131 \u00c7\u00f6z\u00fcmleri Hava ta\u015f\u0131mac\u0131l\u0131\u011f\u0131 her zaman \u00e7ok karma\u015f\u0131k ve \u00f6zel bir prosed\u00fcrd\u00fcr. \u0130ster uluslararas\u0131 pazarlara y\u00fcksek de\u011ferli \u00fcr\u00fcnler ihra\u00e7 etmek isteyin, ister m\u00fc\u015fterinizin gereksinimlerini kar\u015f\u0131lamak [&hellip;]<\/p>\n","protected":false},"author":1,"featured_media":0,"parent":0,"menu_order":0,"comment_status":"closed","ping_status":"closed","template":"elementor_header_footer","meta":[],"_links":{"self":[{"href":"https:\/\/kailogistics.com\/tr\/wp-json\/wp\/v2\/pages\/8002"}],"collection":[{"href":"https:\/\/kailogistics.com\/tr\/wp-json\/wp\/v2\/pages"}],"about":[{"href":"https:\/\/kailogistics.com\/tr\/wp-json\/wp\/v2\/types\/page"}],"author":[{"embeddable":true,"href":"https:\/\/kailogistics.com\/tr\/wp-json\/wp\/v2\/users\/1"}],"replies":[{"embeddable":true,"href":"https:\/\/kailogistics.com\/tr\/wp-json\/wp\/v2\/comments?post=8002"}],"version-history":[{"count":1,"href":"https:\/\/kailogistics.com\/tr\/wp-json\/wp\/v2\/pages\/8002\/revisions"}],"predecessor-version":[{"id":8676,"href":"https:\/\/kailogistics.com\/tr\/wp-json\/wp\/v2\/pages\/8002\/revisions\/8676"}],"wp:attachment":[{"href":"https:\/\/kailogistics.com\/tr\/wp-json\/wp\/v2\/media?parent=8002"}],"curies":[{"name":"wp","href":"https:\/\/api.w.org\/{rel}","templated":true}]}}